{"id":852,"date":"2024-04-22T14:52:34","date_gmt":"2024-04-22T14:52:34","guid":{"rendered":"https:\/\/shenprofessional.com\/caracteristicas"},"modified":"2024-06-30T14:16:27","modified_gmt":"2024-06-30T14:16:27","slug":"caracteristicas","status":"publish","type":"page","link":"https:\/\/shenprofessional.com\/es\/caracteristicas","title":{"rendered":"Caracter\u00edsticas"},"content":{"rendered":"<p>[et_pb_section fb_built=\u00bb1&#8243; _builder_version=\u00bb4.25.0&#8243; _module_preset=\u00bbdefault\u00bb top_divider_style=\u00bbcurve2&#8243; top_divider_color=\u00bb#7eb2dd\u00bb top_divider_height=\u00bb60px\u00bb top_divider_flip=\u00bbvertical\u00bb top_divider_height_tablet=\u00bb40px\u00bb top_divider_height_phone=\u00bb20px\u00bb top_divider_height_last_edited=\u00bbon|phone\u00bb global_colors_info=\u00bb{}\u00bb][et_pb_row _builder_version=\u00bb4.25.0&#8243; _module_preset=\u00bbdefault\u00bb global_colors_info=\u00bb{}\u00bb][et_pb_column type=\u00bb4_4&#8243; _builder_version=\u00bb4.25.0&#8243; _module_preset=\u00bbdefault\u00bb global_colors_info=\u00bb{}\u00bb][et_pb_text _builder_version=\u00bb4.25.0&#8243; _module_preset=\u00bbdefault\u00bb header_font=\u00bb|600|||||||\u00bb header_text_color=\u00bb#0C71C3&#8243; header_font_size=\u00bb40px\u00bb hover_enabled=\u00bb0&#8243; header_font_size_tablet=\u00bb35px\u00bb header_font_size_phone=\u00bb20px\u00bb header_font_size_last_edited=\u00bbon|phone\u00bb header_text_shadow_style=\u00bbpreset1&#8243; global_colors_info=\u00bb{}\u00bb sticky_enabled=\u00bb0&#8243;]<\/p>\n<h1>ShenProfessional &#8211; Caracter\u00edsticas<\/h1>\n<p>Los cinco espacios de trabajo de ShenProfessional le ofrecen una forma potente y c\u00f3moda de gestionar todos los aspectos de su consulta. En lugar de utilizar programas independientes para cada aspecto del trabajo de su consulta, ShenProfessional ofrece una soluci\u00f3n integrada f\u00e1cil de usar y dise\u00f1ada teniendo en cuenta las necesidades de los profesionales de la acupuntura y la MTC.<\/p>\n<p>[\/et_pb_text][\/et_pb_column][\/et_pb_row][et_pb_row column_structure=\u00bb1_2,1_2&#8243; _builder_version=\u00bb4.25.0&#8243; _module_preset=\u00bbdefault\u00bb custom_padding=\u00bb6px|||||\u00bb global_colors_info=\u00bb{}\u00bb][et_pb_column type=\u00bb1_2&#8243; _builder_version=\u00bb4.25.0&#8243; _module_preset=\u00bbdefault\u00bb global_colors_info=\u00bb{}\u00bb][et_pb_image src=\u00bbhttps:\/\/shenprofessional.com\/wp-content\/uploads\/2024\/04\/DE-Features-Akupunkturtafeln.jpg\u00bb title_text=\u00bbAtlas digital de acupuntura\u00bb align=\u00bbcenter\u00bb _builder_version=\u00bb4.25.0&#8243; _module_preset=\u00bbdefault\u00bb border_radii=\u00bbon|5px|5px|5px|5px\u00bb border_width_all=\u00bb2px\u00bb border_color_all=\u00bb#c6c6c6&#8243; box_shadow_style=\u00bbpreset3&#8243; global_colors_info=\u00bb{}\u00bb][\/et_pb_image][\/et_pb_column][et_pb_column type=\u00bb1_2&#8243; _builder_version=\u00bb4.25.0&#8243; _module_preset=\u00bbdefault\u00bb global_colors_info=\u00bb{}\u00bb][et_pb_text _builder_version=\u00bb4.25.0&#8243; _module_preset=\u00bbdefault\u00bb header_2_font=\u00bb||||||||\u00bb header_3_font=\u00bb|600|||||||\u00bb header_3_text_color=\u00bb#0C71C3&#8243; header_3_line_height=\u00bb1.3em\u00bb hover_enabled=\u00bb0&#8243; header_3_line_height_tablet=\u00bb1.3em\u00bb header_3_line_height_phone=\u00bb1.3em\u00bb header_3_line_height_last_edited=\u00bbon|phone\u00bb header_3_text_shadow_style=\u00bbpreset1&#8243; global_colors_info=\u00bb{}\u00bb sticky_enabled=\u00bb0&#8243;]<\/p>\n<h3>Atlas digital de acupuntura<\/h3>\n<p>ShenProfessional ofrece un completo Atlas digital de Acupuntura y le apoya en su estudio de la acupuntura y la medicina tradicional china. ShenProfessional proporciona una localizaci\u00f3n exacta de los puntos y muestra los puntos de acupuntura en la piel, los m\u00fasculos, los huesos y los \u00f3rganos internos, los vasos y los nervios.<\/p>\n<ul>\n<li>409 puntos de acupuntura, incluidos los puntos adicionales<\/li>\n<li>Las Tablas de Acupuntura en 4 capas<\/li>\n<li>La informaci\u00f3n de los puntos puede ampliarse con sus propias notas<\/li>\n<li>B\u00fasqueda de texto completo<\/li>\n<li>Combinaci\u00f3n de puntos probada para cada diagn\u00f3stico MTC<\/li>\n<li>B\u00fasqueda de puntos para crear sus propias combinaciones de puntos<\/li>\n<\/ul>\n<ul><\/ul>\n<p>[\/et_pb_text][\/et_pb_column][\/et_pb_row][et_pb_row column_structure=\u00bb1_2,1_2&#8243; _builder_version=\u00bb4.25.0&#8243; _module_preset=\u00bbdefault\u00bb custom_padding=\u00bb6px||0px|||\u00bb global_colors_info=\u00bb{}\u00bb][et_pb_column type=\u00bb1_2&#8243; _builder_version=\u00bb4.25.0&#8243; _module_preset=\u00bbdefault\u00bb global_colors_info=\u00bb{}\u00bb][et_pb_text _builder_version=\u00bb4.25.0&#8243; _module_preset=\u00bbdefault\u00bb header_2_font=\u00bb||||||||\u00bb header_3_font=\u00bb|600|||||||\u00bb header_3_text_color=\u00bb#0C71C3&#8243; header_3_line_height=\u00bb1.3em\u00bb hover_enabled=\u00bb0&#8243; header_3_line_height_tablet=\u00bb1.3em\u00bb header_3_line_height_phone=\u00bb1.3em\u00bb header_3_line_height_last_edited=\u00bbon|phone\u00bb header_3_text_shadow_style=\u00bbpreset1&#8243; global_colors_info=\u00bb{}\u00bb sticky_enabled=\u00bb0&#8243;]<\/p>\n<h3>B\u00fasqueda de puntos<\/h3>\n<p>B\u00fasqueda de puntos es una funci\u00f3n de b\u00fasqueda especial, hecha para los puntos de acupuntura. Buscar puntos que traten un \u00fanico diagn\u00f3stico MTC, o puntos que traten cualquier combinaci\u00f3n de diagn\u00f3sticos MTC y t\u00e9rminos MTC.<\/p>\n<p><strong>Ejemplo 1:<\/strong><br \/>La B\u00fasqueda de puntos para la Deficiencia de Yin de Pulm\u00f3n da como resultado todos los puntos tonificantes de Yin de Pulm\u00f3n.<\/p>\n<p><strong>Ejemplo 2:<\/strong><br \/>La b\u00fasqueda de puntos por Deficiencia de Yin de Pulm\u00f3n Y Calor da como resultado todos los puntos tonificantes de Yin de Pulm\u00f3n, que disipan el Calor.<\/p>\n<p><strong>Ejemplo 3:<\/strong><br \/>La B\u00fasqueda de puntos por Deficiencia de Yin de Pulm\u00f3n Y Punto Fuente de Yuan da como resultado todos los puntos que tonifican el Yin de Pulm\u00f3n y son Puntos Fuente de Yuan.<\/p>\n<p>[\/et_pb_text][\/et_pb_column][et_pb_column type=\u00bb1_2&#8243; _builder_version=\u00bb4.25.0&#8243; _module_preset=\u00bbdefault\u00bb global_colors_info=\u00bb{}\u00bb][et_pb_image src=\u00bbhttps:\/\/shenprofessional.com\/wp-content\/uploads\/2024\/04\/DE-Features-Punktrecherche-1.jpg\u00bb title_text=\u00bbShenProfessional: B\u00fasqueda de puntos\u00bb align=\u00bbcenter\u00bb _builder_version=\u00bb4.25.0&#8243; _module_preset=\u00bbdefault\u00bb border_radii=\u00bbon|5px|5px|5px|5px\u00bb border_width_all=\u00bb2px\u00bb border_color_all=\u00bb#c6c6c6&#8243; box_shadow_style=\u00bbpreset3&#8243; global_colors_info=\u00bb{}\u00bb][\/et_pb_image][\/et_pb_column][\/et_pb_row][et_pb_row column_structure=\u00bb1_2,1_2&#8243; _builder_version=\u00bb4.25.0&#8243; _module_preset=\u00bbdefault\u00bb custom_margin=\u00bb39px|auto||auto||\u00bb custom_padding=\u00bb6px|||||\u00bb global_colors_info=\u00bb{}\u00bb][et_pb_column type=\u00bb1_2&#8243; _builder_version=\u00bb4.25.0&#8243; _module_preset=\u00bbdefault\u00bb global_colors_info=\u00bb{}\u00bb][et_pb_image src=\u00bbhttps:\/\/shenprofessional.com\/wp-content\/uploads\/2024\/04\/DE-Features-WurzelundZweig.jpg\u00bb title_text=\u00bbShenProfessional: Diagn\u00f3stico de MTC con la ra\u00edz y la rama\u00bb align=\u00bbcenter\u00bb _builder_version=\u00bb4.25.0&#8243; _module_preset=\u00bbdefault\u00bb border_radii=\u00bbon|5px|5px|5px|5px\u00bb border_width_all=\u00bb2px\u00bb border_color_all=\u00bb#c6c6c6&#8243; box_shadow_style=\u00bbpreset3&#8243; global_colors_info=\u00bb{}\u00bb][\/et_pb_image][\/et_pb_column][et_pb_column type=\u00bb1_2&#8243; _builder_version=\u00bb4.25.0&#8243; _module_preset=\u00bbdefault\u00bb global_colors_info=\u00bb{}\u00bb][et_pb_text _builder_version=\u00bb4.25.0&#8243; _module_preset=\u00bbdefault\u00bb header_2_font=\u00bb||||||||\u00bb header_3_font=\u00bb|600|||||||\u00bb header_3_text_color=\u00bb#0C71C3&#8243; header_3_line_height=\u00bb1.3em\u00bb hover_enabled=\u00bb0&#8243; header_3_line_height_tablet=\u00bb1.3em\u00bb header_3_line_height_phone=\u00bb1.3em\u00bb header_3_line_height_last_edited=\u00bbon|phone\u00bb header_3_text_shadow_style=\u00bbpreset1&#8243; global_colors_info=\u00bb{}\u00bb sticky_enabled=\u00bb0&#8243;]<\/p>\n<h3>Diagn\u00f3stico TCM con Root and Branch<\/h3>\n<p>Un diagn\u00f3stico individualizado y adaptado a cada paciente es la base del \u00e9xito del tratamiento y contribuye al entendimiento entre usted y sus pacientes. ShenProfessional le ayuda de forma oportuna y eficaz a realizar un diagn\u00f3stico MTC preciso.<\/p>\n<ul>\n<li>Informaci\u00f3n MTC para cada diagn\u00f3stico MTC con s\u00edntomas, causas, consejos de tratamiento, ra\u00edz y rama y una combinaci\u00f3n de puntos aprobada.<\/li>\n<li>Cat\u00e1logo de s\u00edntomas con m\u00e1s de 4000 s\u00edntomas, indicaciones y diagn\u00f3sticos m\u00e9dicos occidentales acompa\u00f1ados de diagn\u00f3sticos MTC. Este es probablemente el libro de referencia m\u00e1s detallado del mundo.<\/li>\n<li>Diagn\u00f3stico An\u00e1lisis con visi\u00f3n general de los \u00f3rganos implicados y con diagn\u00f3stico especial de ra\u00edces y ramas.<\/li>\n<li>Acceso cruzado a Informaci\u00f3n MTC y B\u00fasqueda de puntos con el bot\u00f3n derecho del rat\u00f3n<\/li>\n<\/ul>\n<p>[\/et_pb_text][\/et_pb_column][\/et_pb_row][et_pb_row column_structure=\u00bb1_2,1_2&#8243; _builder_version=\u00bb4.25.0&#8243; _module_preset=\u00bbdefault\u00bb custom_padding=\u00bb6px||6px|||\u00bb global_colors_info=\u00bb{}\u00bb][et_pb_column type=\u00bb1_2&#8243; _builder_version=\u00bb4.25.0&#8243; _module_preset=\u00bbdefault\u00bb global_colors_info=\u00bb{}\u00bb][et_pb_text _builder_version=\u00bb4.25.0&#8243; _module_preset=\u00bbdefault\u00bb header_2_font=\u00bb||||||||\u00bb header_3_font=\u00bb|600|||||||\u00bb header_3_text_color=\u00bb#0C71C3&#8243; header_3_line_height=\u00bb1.3em\u00bb hover_enabled=\u00bb0&#8243; header_3_line_height_tablet=\u00bb1.3em\u00bb header_3_line_height_phone=\u00bb1.3em\u00bb header_3_line_height_last_edited=\u00bbon|phone\u00bb header_3_text_shadow_style=\u00bbpreset1&#8243; global_colors_info=\u00bb{}\u00bb sticky_enabled=\u00bb0&#8243;]<\/p>\n<h3>4 libros de referencia de MTC adem\u00e1s del Atlas de Shen-Acupuntura<\/h3>\n<p>Teor\u00eda MTC en ShenProfessional incluye 4 libros de referencia -adem\u00e1s del Atlas de Acupuntura Shen- con m\u00e1s de 500 p\u00e1ginas y numerosas ilustraciones, que le ofrecen una entrada m\u00e1s r\u00e1pida en la Medicina China que la literatura MTC convencional. Pru\u00e9balo.<\/p>\n<ul>\n<li>Fundamentos de la MTC<\/li>\n<li>Vasos extraordinarios con diagn\u00f3sticos especiales de palpaci\u00f3n<\/li>\n<li>Fu Ke &#8211; Ginecolog\u00eda china<\/li>\n<li>Diagn\u00f3stico de lengua china con galer\u00eda lingual<\/li>\n<\/ul>\n<p>[\/et_pb_text][\/et_pb_column][et_pb_column type=\u00bb1_2&#8243; _builder_version=\u00bb4.25.0&#8243; _module_preset=\u00bbdefault\u00bb global_colors_info=\u00bb{}\u00bb][et_pb_image src=\u00bbhttps:\/\/shenprofessional.com\/wp-content\/uploads\/2024\/04\/DE-Features-TCMTheorie.jpg\u00bb title_text=\u00bbShenProfesional: Teor\u00eda MTC\u00bb align=\u00bbcenter\u00bb _builder_version=\u00bb4.25.0&#8243; _module_preset=\u00bbdefault\u00bb border_radii=\u00bbon|5px|5px|5px|5px\u00bb border_width_all=\u00bb2px\u00bb border_color_all=\u00bb#c6c6c6&#8243; box_shadow_style=\u00bbpreset3&#8243; global_colors_info=\u00bb{}\u00bb][\/et_pb_image][\/et_pb_column][\/et_pb_row][et_pb_row column_structure=\u00bb1_2,1_2&#8243; _builder_version=\u00bb4.25.0&#8243; _module_preset=\u00bbdefault\u00bb custom_margin=\u00bb40px|auto||auto||\u00bb custom_padding=\u00bb6px||6px|||\u00bb global_colors_info=\u00bb{}\u00bb][et_pb_column type=\u00bb1_2&#8243; _builder_version=\u00bb4.25.0&#8243; _module_preset=\u00bbdefault\u00bb global_colors_info=\u00bb{}\u00bb][et_pb_image src=\u00bbhttps:\/\/shenprofessional.com\/wp-content\/uploads\/2024\/04\/DE-Features-Patientenakte.jpg\u00bb title_text=\u00bbShenProfesional: Pacientes\u00bb align=\u00bbcenter\u00bb _builder_version=\u00bb4.25.0&#8243; _module_preset=\u00bbdefault\u00bb border_radii=\u00bbon|5px|5px|5px|5px\u00bb border_width_all=\u00bb2px\u00bb border_color_all=\u00bb#c6c6c6&#8243; box_shadow_style=\u00bbpreset3&#8243; global_colors_info=\u00bb{}\u00bb][\/et_pb_image][\/et_pb_column][et_pb_column type=\u00bb1_2&#8243; _builder_version=\u00bb4.25.0&#8243; _module_preset=\u00bbdefault\u00bb global_colors_info=\u00bb{}\u00bb][et_pb_text _builder_version=\u00bb4.25.0&#8243; _module_preset=\u00bbdefault\u00bb header_2_font=\u00bb||||||||\u00bb header_3_font=\u00bb|600|||||||\u00bb header_3_text_color=\u00bb#0C71C3&#8243; header_3_line_height=\u00bb1.3em\u00bb hover_enabled=\u00bb0&#8243; header_3_line_height_tablet=\u00bb1.3em\u00bb header_3_line_height_phone=\u00bb1.3em\u00bb header_3_line_height_last_edited=\u00bbon|phone\u00bb header_3_text_shadow_style=\u00bbpreset1&#8243; global_colors_info=\u00bb{}\u00bb sticky_enabled=\u00bb0&#8243;]<\/p>\n<h3>Gesti\u00f3n de pacientes<\/h3>\n<p>La funci\u00f3n de gesti\u00f3n de pacientes de ShenProfessional facilita el seguimiento de sus clientes desde la cita hasta el diagn\u00f3stico, el tratamiento y la factura. La gesti\u00f3n de pacientes de ShenProfessional tambi\u00e9n puede ser una potente herramienta de marketing, ya que le permite generar cartas, boletines y otras comunicaciones impresas o por correo electr\u00f3nico.<\/p>\n<p>Con un potente sistema de gesti\u00f3n de pacientes, su consulta puede funcionar sin problemas. Los registros de los clientes son de f\u00e1cil acceso, lo que le permite guardar informaci\u00f3n detallada como s\u00edntomas, tratamientos y procedimientos.<\/p>\n<p>Adem\u00e1s de la gesti\u00f3n de la direcci\u00f3n, la documentaci\u00f3n de los hallazgos y los tratamientos, ShenProfessional ofrece un an\u00e1lisis detallado del diagn\u00f3stico MTC con diagn\u00f3sticos de ra\u00edces y ramas.<\/p>\n<ul>\n<li>Gesti\u00f3n de direcciones<\/li>\n<li>Documentaci\u00f3n de hallazgos (SOAP) y tratamientos<\/li>\n<li>An\u00e1lisis del diagn\u00f3stico MTC con diagn\u00f3stico de ra\u00edces y ramas<\/li>\n<li>Guardar los puntos de acupuntura utilizados en un tratamiento<\/li>\n<li>Asignar procedimientos y productos a cada cita<\/li>\n<li>Cree cartas en serie, invitaciones, boletines, cartas de felicitaci\u00f3n, etc.<\/li>\n<li>Interfaz con MS Word<\/li>\n<li>Numerosos campos libres para necesidades individuales<\/li>\n<\/ul>\n<p>[\/et_pb_text][\/et_pb_column][\/et_pb_row][et_pb_row column_structure=\u00bb1_2,1_2&#8243; _builder_version=\u00bb4.25.0&#8243; _module_preset=\u00bbdefault\u00bb min_height=\u00bb381px\u00bb custom_margin=\u00bb41px|auto||auto||\u00bb custom_padding=\u00bb6px||6px|||\u00bb global_colors_info=\u00bb{}\u00bb][et_pb_column type=\u00bb1_2&#8243; _builder_version=\u00bb4.25.0&#8243; _module_preset=\u00bbdefault\u00bb global_colors_info=\u00bb{}\u00bb][et_pb_text _builder_version=\u00bb4.25.0&#8243; _module_preset=\u00bbdefault\u00bb header_2_font=\u00bb||||||||\u00bb header_3_font=\u00bb|600|||||||\u00bb header_3_text_color=\u00bb#0C71C3&#8243; header_3_line_height=\u00bb1.3em\u00bb hover_enabled=\u00bb0&#8243; header_3_line_height_tablet=\u00bb1.3em\u00bb header_3_line_height_phone=\u00bb1.3em\u00bb header_3_line_height_last_edited=\u00bbon|phone\u00bb header_3_text_shadow_style=\u00bbpreset1&#8243; global_colors_info=\u00bb{}\u00bb sticky_enabled=\u00bb0&#8243;]<\/p>\n<h3>Calendario<\/h3>\n<p>El calendario de ShenProfessional funciona perfectamente con las funciones de gesti\u00f3n de pacientes y facturaci\u00f3n, lo que le permite llevar un registro f\u00e1cil e integrado de las citas. Puedes programar citas con un simple doble clic, y cambiar una cita es tan f\u00e1cil como arrastrar y soltar.<\/p>\n<ul>\n<li>Mostrar hoy, semana de 5 d\u00edas, semana de 7 d\u00edas, mes<\/li>\n<li>Programar citas con un doble clic<\/li>\n<li>Aplazar citas mediante arrastrar y soltar<\/li>\n<li>Imprimir recordatorio de cita<\/li>\n<li>Recordatorio de cita por correo<\/li>\n<li>Colorear las citas (por ejemplo, utilizar colores diferentes para las distintas habitaciones)<\/li>\n<li>Editar la unidad de tiempo<\/li>\n<li>Editar la hora de inicio del calendario<\/li>\n<li>Copiar y pegar citas<\/li>\n<li>A\u00f1adir notas a las citas<\/li>\n<\/ul>\n<p>[\/et_pb_text][\/et_pb_column][et_pb_column type=\u00bb1_2&#8243; _builder_version=\u00bb4.25.0&#8243; _module_preset=\u00bbdefault\u00bb global_colors_info=\u00bb{}\u00bb][et_pb_image src=\u00bbhttps:\/\/shenprofessional.com\/wp-content\/uploads\/2024\/04\/DE-Features-Terminkalender.jpg\u00bb title_text=\u00bbShenProfessional: Calendario\u00bb align=\u00bbcenter\u00bb _builder_version=\u00bb4.25.0&#8243; _module_preset=\u00bbdefault\u00bb border_radii=\u00bbon|5px|5px|5px|5px\u00bb border_width_all=\u00bb2px\u00bb border_color_all=\u00bb#c6c6c6&#8243; box_shadow_style=\u00bbpreset3&#8243; global_colors_info=\u00bb{}\u00bb][\/et_pb_image][\/et_pb_column][\/et_pb_row][et_pb_row column_structure=\u00bb1_2,1_2&#8243; _builder_version=\u00bb4.25.0&#8243; _module_preset=\u00bbdefault\u00bb custom_margin=\u00bb42px|auto||auto||\u00bb custom_padding=\u00bb6px||6px|||\u00bb global_colors_info=\u00bb{}\u00bb][et_pb_column type=\u00bb1_2&#8243; _builder_version=\u00bb4.25.0&#8243; _module_preset=\u00bbdefault\u00bb global_colors_info=\u00bb{}\u00bb][et_pb_image src=\u00bbhttps:\/\/shenprofessional.com\/wp-content\/uploads\/2024\/04\/DE-Features-Rechnungswesen.jpg\u00bb title_text=\u00bbShenProfessional: Facturaci\u00f3n\u00bb align=\u00bbcenter\u00bb _builder_version=\u00bb4.25.0&#8243; _module_preset=\u00bbdefault\u00bb border_radii=\u00bbon|5px|5px|5px|5px\u00bb border_width_all=\u00bb2px\u00bb border_color_all=\u00bb#c6c6c6&#8243; box_shadow_style=\u00bbpreset3&#8243; global_colors_info=\u00bb{}\u00bb][\/et_pb_image][\/et_pb_column][et_pb_column type=\u00bb1_2&#8243; _builder_version=\u00bb4.25.0&#8243; _module_preset=\u00bbdefault\u00bb global_colors_info=\u00bb{}\u00bb][et_pb_text _builder_version=\u00bb4.25.0&#8243; _module_preset=\u00bbdefault\u00bb header_2_font=\u00bb||||||||\u00bb header_3_font=\u00bb|600|||||||\u00bb header_3_text_color=\u00bb#0C71C3&#8243; header_3_line_height=\u00bb1.3em\u00bb hover_enabled=\u00bb0&#8243; header_3_line_height_tablet=\u00bb1.3em\u00bb header_3_line_height_phone=\u00bb1.3em\u00bb header_3_line_height_last_edited=\u00bbon|phone\u00bb header_3_text_shadow_style=\u00bbpreset1&#8243; global_colors_info=\u00bb{}\u00bb sticky_enabled=\u00bb0&#8243;]<\/p>\n<h3>Facturaci\u00f3n: flexible y fiable<\/h3>\n<p>ShenProfessional le permite crear facturas con s\u00f3lo unos clics, tanto si factura procedimientos, productos o una combinaci\u00f3n de ambos. El software es f\u00e1cil de usar y puede agilizar el proceso de facturaci\u00f3n.<\/p>\n<ul>\n<li>Cree facturas con s\u00f3lo unos clics<\/li>\n<li>Facturar procedimientos y productos<\/li>\n<li>Dise\u00f1o personalizable<\/li>\n<li>Editar factura no<\/li>\n<li>Factura simple, superfactura<\/li>\n<li>Para todas las profesiones sanitarias<\/li>\n<li>Filtrar la facturaci\u00f3n pendiente (facturas impagadas)<\/li>\n<li>Imprimir facturas con MS Word<\/li>\n<li>Editar c\u00f3digos de facturaci\u00f3n y productos<\/li>\n<li>Impuestos opcionales<\/li>\n<li>Recordatorio<\/li>\n<\/ul>\n<p>[\/et_pb_text][\/et_pb_column][\/et_pb_row][\/et_pb_section]<\/p>\n","protected":false},"excerpt":{"rendered":"<p>ShenProfessional &#8211; Caracter\u00edsticas Los cinco espacios de trabajo de ShenProfessional le ofrecen una forma potente y c\u00f3moda de gestionar todos los aspectos de su consulta. En lugar de utilizar programas independientes para cada aspecto del trabajo de su consulta, ShenProfessional ofrece una soluci\u00f3n integrada f\u00e1cil de usar y dise\u00f1ada teniendo en cuenta las necesidades de [&hellip;]<\/p>\n","protected":false},"author":2,"featured_media":0,"parent":0,"menu_order":0,"comment_status":"closed","ping_status":"closed","template":"","meta":{"_et_pb_use_builder":"on","_et_pb_old_content":"","_et_gb_content_width":"","footnotes":""},"class_list":["post-852","page","type-page","status-publish","hentry"],"_links":{"self":[{"href":"https:\/\/shenprofessional.com\/es\/wp-json\/wp\/v2\/pages\/852","targetHints":{"allow":["GET"]}}],"collection":[{"href":"https:\/\/shenprofessional.com\/es\/wp-json\/wp\/v2\/pages"}],"about":[{"href":"https:\/\/shenprofessional.com\/es\/wp-json\/wp\/v2\/types\/page"}],"author":[{"embeddable":true,"href":"https:\/\/shenprofessional.com\/es\/wp-json\/wp\/v2\/users\/2"}],"replies":[{"embeddable":true,"href":"https:\/\/shenprofessional.com\/es\/wp-json\/wp\/v2\/comments?post=852"}],"version-history":[{"count":2,"href":"https:\/\/shenprofessional.com\/es\/wp-json\/wp\/v2\/pages\/852\/revisions"}],"predecessor-version":[{"id":854,"href":"https:\/\/shenprofessional.com\/es\/wp-json\/wp\/v2\/pages\/852\/revisions\/854"}],"wp:attachment":[{"href":"https:\/\/shenprofessional.com\/es\/wp-json\/wp\/v2\/media?parent=852"}],"curies":[{"name":"wp","href":"https:\/\/api.w.org\/{rel}","templated":true}]}}