{"id":847,"date":"2024-04-22T14:58:05","date_gmt":"2024-04-22T14:58:05","guid":{"rendered":"https:\/\/shenprofessional.com\/comprar-ahora"},"modified":"2024-06-30T13:52:38","modified_gmt":"2024-06-30T13:52:38","slug":"comprar-ahora","status":"publish","type":"page","link":"https:\/\/shenprofessional.com\/es\/comprar-ahora","title":{"rendered":"\u00a1Comprar ahora!"},"content":{"rendered":"<p>[et_pb_section fb_built=\u00bb1&#8243; _builder_version=\u00bb4.25.0&#8243; _module_preset=\u00bbdefault\u00bb top_divider_style=\u00bbcurve2&#8243; top_divider_color=\u00bb#7eb2dd\u00bb top_divider_height=\u00bb60px\u00bb top_divider_flip=\u00bbvertical\u00bb top_divider_height_tablet=\u00bb40px\u00bb top_divider_height_phone=\u00bb20px\u00bb top_divider_height_last_edited=\u00bbon|phone\u00bb global_colors_info=\u00bb{}\u00bb][et_pb_row _builder_version=\u00bb4.25.0&#8243; _module_preset=\u00bbdefault\u00bb global_colors_info=\u00bb{}\u00bb][et_pb_column type=\u00bb4_4&#8243; _builder_version=\u00bb4.25.0&#8243; _module_preset=\u00bbdefault\u00bb global_colors_info=\u00bb{}\u00bb][et_pb_text _builder_version=\u00bb4.25.0&#8243; _module_preset=\u00bbdefault\u00bb header_font=\u00bb|600|||||||\u00bb header_text_color=\u00bb#0C71C3&#8243; header_font_size=\u00bb40px\u00bb header_font_size_tablet=\u00bb35px\u00bb header_font_size_phone=\u00bb20px\u00bb header_font_size_last_edited=\u00bbon|phone\u00bb header_text_shadow_style=\u00bbpreset1&#8243; global_colors_info=\u00bb{}\u00bb]<\/p>\n<h1>ShenProfessional &#8211; \u00a1s\u00f3lo $189!<\/h1>\n<p>ShenProfessional is currently available for only $189 (instead of $389).<\/p>\n<ul>\n<li><strong>Licencia para dos sistemas: Utilice ShenProfessional en dos sistemas sin costes adicionales.<\/strong><\/li>\n<li><strong>Funci\u00f3n Voyager: Con la funci\u00f3n Voyager, puede instalar e iniciar ShenProfessional directamente en una unidad USB.<\/strong><\/li>\n<li><strong>Pago \u00fanico<\/strong><\/li>\n<li><strong>30% de descuento para estudiantes: Introduzca el c\u00f3digo de cup\u00f3n \u00abEstudiante\u00bb en el formulario de pedido<\/strong><\/li>\n<\/ul>\n<p>[\/et_pb_text][et_pb_button button_url=\u00bbhttps:\/\/secure.2checkout.com\/order\/checkout.php?PRODS=4065220&#038;QTY=1&#038;CART=1&#038;CARD=2&#8243; url_new_window=\u00bbon\u00bb button_text=\u00bbComprar ahora\u00bb _builder_version=\u00bb4.25.2&#8243; _module_preset=\u00bbdefault\u00bb custom_button=\u00bbon\u00bb button_icon=\u00bb&#xf07a;||fa||900&#8243; button_on_hover=\u00bboff\u00bb hover_enabled=\u00bb0&#8243; box_shadow_style=\u00bbpreset3&#8243; global_colors_info=\u00bb{}\u00bb sticky_enabled=\u00bb0&#8243;][\/et_pb_button][et_pb_text _builder_version=\u00bb4.25.0&#8243; _module_preset=\u00bbdefault\u00bb custom_margin=\u00bb63px|||||\u00bb custom_padding=\u00bb||2px|||\u00bb global_colors_info=\u00bb{}\u00bb]<\/p>\n<p><strong>*Funci\u00f3n Voyager:<\/strong><br \/>El \u00faltimo avance es la funci\u00f3n Voyager, que permite iniciar ShenProfessional directamente desde cualquier dispositivo USB.<\/p>\n<ul>\n<li>Una forma c\u00f3moda y r\u00e1pida de compartir datos de pacientes entre dos sistemas, ya que todo se almacena en el USB, incluida la instalaci\u00f3n de ShenProfessional.<\/li>\n<li>Simplemente conecte su dispositivo USB, copie o instale ShenProfessional en el USB e inicie ShenProfessional desde all\u00ed.<\/li>\n<li>Y ahora usa ese USB en tu consulta y en tu cuaderno o en casa. Tendr\u00e1 acceso a los mismos datos en cualquier lugar.<\/li>\n<\/ul>\n<p><strong><br \/>Versi\u00f3n actual: ShenProfessional 3.1 (Build 2024).<\/strong><\/p>\n<p>[\/et_pb_text][\/et_pb_column][\/et_pb_row][\/et_pb_section]<\/p>\n","protected":false},"excerpt":{"rendered":"<p>ShenProfessional &#8211; \u00a1s\u00f3lo $189! ShenProfessional is currently available for only $189 (instead of $389). Licencia para dos sistemas: Utilice ShenProfessional en dos sistemas sin costes adicionales. Funci\u00f3n Voyager: Con la funci\u00f3n Voyager, puede instalar e iniciar ShenProfessional directamente en una unidad USB. Pago \u00fanico 30% de descuento para estudiantes: Introduzca el c\u00f3digo de cup\u00f3n \u00abEstudiante\u00bb [&hellip;]<\/p>\n","protected":false},"author":2,"featured_media":0,"parent":0,"menu_order":0,"comment_status":"closed","ping_status":"closed","template":"","meta":{"_et_pb_use_builder":"on","_et_pb_old_content":"","_et_gb_content_width":"","footnotes":""},"class_list":["post-847","page","type-page","status-publish","hentry"],"_links":{"self":[{"href":"https:\/\/shenprofessional.com\/es\/wp-json\/wp\/v2\/pages\/847","targetHints":{"allow":["GET"]}}],"collection":[{"href":"https:\/\/shenprofessional.com\/es\/wp-json\/wp\/v2\/pages"}],"about":[{"href":"https:\/\/shenprofessional.com\/es\/wp-json\/wp\/v2\/types\/page"}],"author":[{"embeddable":true,"href":"https:\/\/shenprofessional.com\/es\/wp-json\/wp\/v2\/users\/2"}],"replies":[{"embeddable":true,"href":"https:\/\/shenprofessional.com\/es\/wp-json\/wp\/v2\/comments?post=847"}],"version-history":[{"count":3,"href":"https:\/\/shenprofessional.com\/es\/wp-json\/wp\/v2\/pages\/847\/revisions"}],"predecessor-version":[{"id":850,"href":"https:\/\/shenprofessional.com\/es\/wp-json\/wp\/v2\/pages\/847\/revisions\/850"}],"wp:attachment":[{"href":"https:\/\/shenprofessional.com\/es\/wp-json\/wp\/v2\/media?parent=847"}],"curies":[{"name":"wp","href":"https:\/\/api.w.org\/{rel}","templated":true}]}}