{"id":831,"date":"2024-04-22T14:56:09","date_gmt":"2024-04-22T14:56:09","guid":{"rendered":"https:\/\/shenprofessional.com\/download"},"modified":"2025-04-27T17:42:09","modified_gmt":"2025-04-27T17:42:09","slug":"download","status":"publish","type":"page","link":"https:\/\/shenprofessional.com\/es\/download","title":{"rendered":"Descargar"},"content":{"rendered":"<p>[et_pb_section fb_built=\u00bb1&#8243; _builder_version=\u00bb4.25.0&#8243; _module_preset=\u00bbdefault\u00bb top_divider_style=\u00bbcurve2&#8243; top_divider_color=\u00bb#7eb2dd\u00bb top_divider_height=\u00bb60px\u00bb top_divider_flip=\u00bbvertical\u00bb top_divider_height_tablet=\u00bb40px\u00bb top_divider_height_phone=\u00bb20px\u00bb top_divider_height_last_edited=\u00bbon|phone\u00bb global_colors_info=\u00bb{}\u00bb][et_pb_row _builder_version=\u00bb4.25.0&#8243; _module_preset=\u00bbdefault\u00bb global_colors_info=\u00bb{}\u00bb][et_pb_column type=\u00bb4_4&#8243; _builder_version=\u00bb4.25.0&#8243; _module_preset=\u00bbdefault\u00bb global_colors_info=\u00bb{}\u00bb][et_pb_text _builder_version=\u00bb4.27.4&#8243; _module_preset=\u00bbdefault\u00bb header_font=\u00bb|600|||||||\u00bb header_text_color=\u00bb#0C71C3&#8243; header_font_size=\u00bb40px\u00bb hover_enabled=\u00bb0&#8243; header_font_size_tablet=\u00bb35px\u00bb header_font_size_phone=\u00bb20px\u00bb header_font_size_last_edited=\u00bbon|phone\u00bb header_text_shadow_style=\u00bbpreset1&#8243; global_colors_info=\u00bb{}\u00bb sticky_enabled=\u00bb0&#8243;]<\/p>\n<h1>ShenProfessional &#8211; Versi\u00f3n de prueba<\/h1>\n<p>ShenProfessional 3.1 (Build 2024) es un software para Windows y funciona en las siguientes versiones de Windows:<\/p>\n<p><strong>Windows 2000, XP, Vista, Windows 7, 8, 10 y 11<\/strong><\/p>\n<p>ShenProfessional no requiere ninguna entrada en los registros de Windows durante la instalaci\u00f3n. Tambi\u00e9n puede instalar ShenProfessional en una memoria USB e iniciarlo desde la memoria (funci\u00f3n Voyager). Todos los datos se guardar\u00e1n en la memoria USB. ShenProfessional guarda sus archivos en su sistema (no en una nube) y tambi\u00e9n funciona sin conexi\u00f3n a Internet.<\/p>\n<p>[\/et_pb_text][et_pb_button button_url=\u00bbhttps:\/\/ShenProfessional.com\/download-trial\/ShenProfessional-3-1-ESP-Prueba-Setup.exe\u00bb button_text=\u00bbDownload ShenProfessional&#8217;s Versi\u00f3n de prueba\u00bb _builder_version=\u00bb4.27.4&#8243; _module_preset=\u00bbdefault\u00bb custom_button=\u00bbon\u00bb button_icon=\u00bb&#xf019;||fa||900&#8243; button_icon_placement=\u00bbleft\u00bb button_on_hover=\u00bboff\u00bb custom_margin=\u00bb45px|||||\u00bb custom_padding=\u00bb5px|||||\u00bb hover_enabled=\u00bb0&#8243; button_text_shadow_style=\u00bbpreset1&#8243; box_shadow_style=\u00bbpreset2&#8243; global_colors_info=\u00bb{}\u00bb sticky_enabled=\u00bb0&#8243;][\/et_pb_button][et_pb_text _builder_version=\u00bb4.25.0&#8243; _module_preset=\u00bbdefault\u00bb custom_padding=\u00bb39px|||||\u00bb global_colors_info=\u00bb{}\u00bb]<\/p>\n<ul>\n<li><strong>Nota:<\/strong> <strong>No exigimos certificaci\u00f3n de Microsoft. <\/strong><br \/>Como resultado, recibir\u00e1 el siguiente mensaje de Microsoft al iniciar la instalaci\u00f3n: \u00ab<em>El ordenador ha sido protegido por Windows\u00bb<\/em>.<br \/><em>Microsoft Defender SmartScreen impidi\u00f3 el inicio de una aplicaci\u00f3n desconocida. Ejecutar esta aplicaci\u00f3n puede suponer un riesgo para el PC\u00bb.<\/em><\/li>\n<li>Haga clic en \u00ab<strong>M\u00e1s informaci\u00f3n<\/strong>\u00bb para iniciar la instalaci\u00f3n a trav\u00e9s de \u00ab<strong>Ejecutar de todos modos<\/strong>\u00ab. Si hace clic en \u00abNo ejecutar\u00bb, ShenProfessional no se instalar\u00e1.<\/li>\n<\/ul>\n<p>[\/et_pb_text][dgbc_blog_carousel orderby=\u00bb3&#8243; show_excerpt=\u00bboff\u00bb show_author=\u00bboff\u00bb show_date=\u00bboff\u00bb _builder_version=\u00bb4.25.0&#8243; _module_preset=\u00bbdefault\u00bb global_colors_info=\u00bb{}\u00bb][\/dgbc_blog_carousel][\/et_pb_column][\/et_pb_row][\/et_pb_section]<\/p>\n","protected":false},"excerpt":{"rendered":"<p>ShenProfessional &#8211; Versi\u00f3n de prueba ShenProfessional 3.1 (Build 2024) es un software para Windows y funciona en las siguientes versiones de Windows: Windows 2000, XP, Vista, Windows 7, 8, 10 y 11 ShenProfessional no requiere ninguna entrada en los registros de Windows durante la instalaci\u00f3n. Tambi\u00e9n puede instalar ShenProfessional en una memoria USB e iniciarlo [&hellip;]<\/p>\n","protected":false},"author":2,"featured_media":0,"parent":0,"menu_order":0,"comment_status":"closed","ping_status":"closed","template":"","meta":{"_et_pb_use_builder":"on","_et_pb_old_content":"","_et_gb_content_width":"","footnotes":""},"class_list":["post-831","page","type-page","status-publish","hentry"],"_links":{"self":[{"href":"https:\/\/shenprofessional.com\/es\/wp-json\/wp\/v2\/pages\/831","targetHints":{"allow":["GET"]}}],"collection":[{"href":"https:\/\/shenprofessional.com\/es\/wp-json\/wp\/v2\/pages"}],"about":[{"href":"https:\/\/shenprofessional.com\/es\/wp-json\/wp\/v2\/types\/page"}],"author":[{"embeddable":true,"href":"https:\/\/shenprofessional.com\/es\/wp-json\/wp\/v2\/users\/2"}],"replies":[{"embeddable":true,"href":"https:\/\/shenprofessional.com\/es\/wp-json\/wp\/v2\/comments?post=831"}],"version-history":[{"count":9,"href":"https:\/\/shenprofessional.com\/es\/wp-json\/wp\/v2\/pages\/831\/revisions"}],"predecessor-version":[{"id":966,"href":"https:\/\/shenprofessional.com\/es\/wp-json\/wp\/v2\/pages\/831\/revisions\/966"}],"wp:attachment":[{"href":"https:\/\/shenprofessional.com\/es\/wp-json\/wp\/v2\/media?parent=831"}],"curies":[{"name":"wp","href":"https:\/\/api.w.org\/{rel}","templated":true}]}}