{"id":817,"date":"2024-04-21T18:35:05","date_gmt":"2024-04-21T18:35:05","guid":{"rendered":"https:\/\/shenprofessional.com\/home"},"modified":"2025-04-27T17:55:27","modified_gmt":"2025-04-27T17:55:27","slug":"home","status":"publish","type":"page","link":"https:\/\/shenprofessional.com\/es","title":{"rendered":"Inicio"},"content":{"rendered":"<p>[et_pb_section fb_built=\u00bb1&#8243; _builder_version=\u00bb4.25.0&#8243; _module_preset=\u00bbdefault\u00bb top_divider_style=\u00bbcurve2&#8243; top_divider_color=\u00bb#7eb2dd\u00bb top_divider_height=\u00bb60px\u00bb top_divider_flip=\u00bbvertical\u00bb top_divider_height_tablet=\u00bb40px\u00bb top_divider_height_phone=\u00bb20px\u00bb top_divider_height_last_edited=\u00bbon|phone\u00bb global_colors_info=\u00bb{}\u00bb][et_pb_row _builder_version=\u00bb4.25.0&#8243; _module_preset=\u00bbdefault\u00bb global_colors_info=\u00bb{}\u00bb][et_pb_column type=\u00bb4_4&#8243; _builder_version=\u00bb4.25.0&#8243; _module_preset=\u00bbdefault\u00bb global_colors_info=\u00bb{}\u00bb][et_pb_text _builder_version=\u00bb4.25.0&#8243; _module_preset=\u00bbdefault\u00bb header_font=\u00bb|700|||||||\u00bb header_text_color=\u00bb#0C71C3&#8243; header_font_size=\u00bb40px\u00bb header_font_size_tablet=\u00bb35px\u00bb header_font_size_phone=\u00bb20px\u00bb header_font_size_last_edited=\u00bbon|phone\u00bb header_text_shadow_style=\u00bbpreset1&#8243; global_colors_info=\u00bb{}\u00bb]<\/p>\n<h1>Bienvenido a ShenProfessional<\/h1>\n<p>software potente y f\u00e1cil de usar para acupuntura, MTC y gesti\u00f3n de consultas. Nuestro completo software le ofrece todo lo que su consulta necesita. ShenProfessional le facilita el aprendizaje de la MTC, y a los profesionales experimentados de la MTC y la acupuntura el acceso a una amplia base de informaci\u00f3n. Tambi\u00e9n ofrece herramientas de gesti\u00f3n de consultas, como un sistema de facturaci\u00f3n f\u00e1cil de usar, un sistema de gesti\u00f3n de pacientes y un calendario.<\/p>\n<p>[\/et_pb_text][dgat_advancedtab use_nav_width=\u00bbon\u00bb nav_min_width=\u00bb11px\u00bb nav_max_width=\u00bb40px\u00bb nav_height=\u00bb33px\u00bb nav_item_bgcolor=\u00bb#b5b5b5&#8243; nav_item_active_bgcolor=\u00bb#0C71C3&#8243; icon_color=\u00bb#FFFFFF\u00bb icon_size=\u00bb20px\u00bb image_size=\u00bb21px\u00bb icon_placement=\u00bbflex_left\u00bb icon_align=\u00bbcenter\u00bb nav_wrapper_margin=\u00bb|||33px|false|false\u00bb nav_min_width_tablet=\u00bb11px\u00bb nav_min_width_phone=\u00bb10px\u00bb nav_min_width_last_edited=\u00bbon|phone\u00bb _builder_version=\u00bb4.25.0&#8243; _module_preset=\u00bbdefault\u00bb border_radii_nav_wrapper=\u00bboff|8px|8px||\u00bb border_radii_nav_item=\u00bboff|8px|8px||\u00bb box_shadow_style_nav_wrapper=\u00bbpreset3&#8243; global_colors_info=\u00bb{}\u00bb][dgat_advancedtabitem use_icon=\u00bbon\u00bb font_icon=\u00bb&#xf030;||fa||900&#8243; at_button_button_url_new_window=\u00bb1&#8243; icon_size_tablet=\u00bb\u00bb icon_size_phone=\u00bb\u00bb icon_size_last_edited=\u00bbon|tablet\u00bb _builder_version=\u00bb4.25.0&#8243; title_text_align=\u00bbleft\u00bb title_text_color=\u00bb#FFFFFF\u00bb subtitle_text_color=\u00bb#FFFFFF\u00bb global_colors_info=\u00bb{}\u00bb]<\/p>\n<p style=\"text-align: center;\"><img loading=\"lazy\" decoding=\"async\" src=\"https:\/\/shenprofessional.com\/wp-content\/uploads\/2024\/04\/EN-Screenshot-01-1.jpg\" width=\"1950\" height=\"1130\" alt=\"\" class=\"wp-image-594 alignnone size-full\" srcset=\"https:\/\/shenprofessional.com\/wp-content\/uploads\/2024\/04\/EN-Screenshot-01-1.jpg 1950w, https:\/\/shenprofessional.com\/wp-content\/uploads\/2024\/04\/EN-Screenshot-01-1-1280x742.jpg 1280w, https:\/\/shenprofessional.com\/wp-content\/uploads\/2024\/04\/EN-Screenshot-01-1-980x568.jpg 980w, https:\/\/shenprofessional.com\/wp-content\/uploads\/2024\/04\/EN-Screenshot-01-1-480x278.jpg 480w\" sizes=\"(min-width: 0px) and (max-width: 480px) 480px, (min-width: 481px) and (max-width: 980px) 980px, (min-width: 981px) and (max-width: 1280px) 1280px, (min-width: 1281px) 1950px, 100vw\" \/><br \/><strong>ShenProfesional: Atlas digital de acupuntura<\/strong><\/p>\n<p>[\/dgat_advancedtabitem][dgat_advancedtabitem use_icon=\u00bbon\u00bb font_icon=\u00bb&#xf030;||fa||900&#8243; at_button_button_url_new_window=\u00bb1&#8243; _builder_version=\u00bb4.25.0&#8243; global_colors_info=\u00bb{}\u00bb]<\/p>\n<p style=\"text-align: center;\"><img loading=\"lazy\" decoding=\"async\" src=\"https:\/\/shenprofessional.com\/wp-content\/uploads\/2024\/04\/EN-Screenshot-02.jpg\" width=\"1950\" height=\"1130\" alt=\"\" class=\"wp-image-615 alignnone size-full\" srcset=\"https:\/\/shenprofessional.com\/wp-content\/uploads\/2024\/04\/EN-Screenshot-02.jpg 1950w, https:\/\/shenprofessional.com\/wp-content\/uploads\/2024\/04\/EN-Screenshot-02-1280x742.jpg 1280w, https:\/\/shenprofessional.com\/wp-content\/uploads\/2024\/04\/EN-Screenshot-02-980x568.jpg 980w, https:\/\/shenprofessional.com\/wp-content\/uploads\/2024\/04\/EN-Screenshot-02-480x278.jpg 480w\" sizes=\"(min-width: 0px) and (max-width: 480px) 480px, (min-width: 481px) and (max-width: 980px) 980px, (min-width: 981px) and (max-width: 1280px) 1280px, (min-width: 1281px) 1950px, 100vw\" \/><br \/><strong>ShenProfesional: Diagn\u00f3stico Lingual en la Teor\u00eda MTC<br \/><\/strong><\/p>\n<p>[\/dgat_advancedtabitem][\/dgat_advancedtab][et_pb_button button_url=\u00bb@ET-DC@eyJkeW5hbWljIjp0cnVlLCJjb250ZW50IjoicG9zdF9saW5rX3VybF9wYWdlIiwic2V0dGluZ3MiOnsicG9zdF9pZCI6IjgzMSJ9fQ==@\u00bb button_text=\u00bb\u00a1Pru\u00e9belo gratis!\u00bb button_alignment=\u00bbcenter\u00bb _builder_version=\u00bb4.27.4&#8243; _dynamic_attributes=\u00bbbutton_url\u00bb _module_preset=\u00bbdefault\u00bb hover_enabled=\u00bb0&#8243; global_colors_info=\u00bb{}\u00bb sticky_enabled=\u00bb0&#8243;][\/et_pb_button][\/et_pb_column][\/et_pb_row][et_pb_row _builder_version=\u00bb4.25.0&#8243; _module_preset=\u00bbdefault\u00bb global_colors_info=\u00bb{}\u00bb][et_pb_column type=\u00bb4_4&#8243; _builder_version=\u00bb4.25.0&#8243; _module_preset=\u00bbdefault\u00bb global_colors_info=\u00bb{}\u00bb][dgbc_blog_carousel orderby=\u00bb3&#8243; show_excerpt=\u00bboff\u00bb show_author=\u00bboff\u00bb show_date=\u00bboff\u00bb show_more=\u00bbon\u00bb read_more_text=\u00bbMore&#8230;\u00bb loop=\u00bbon\u00bb autoplay=\u00bbon\u00bb hoverpause=\u00bbon\u00bb autoplay_speed=\u00bb2000&#8243; use_meta_icon=\u00bbon\u00bb _builder_version=\u00bb4.25.0&#8243; _module_preset=\u00bbdefault\u00bb meta_text_color=\u00bb#a3a3a3&#8243; custom_margin=\u00bb|||10px|false|false\u00bb custom_padding=\u00bb|||0px|false|false\u00bb border_radii_image=\u00bbon|7px|7px|7px|7px\u00bb border_width_all_image=\u00bb1px\u00bb border_color_all_image=\u00bb#b7b7b7&#8243; global_colors_info=\u00bb{}\u00bb][\/dgbc_blog_carousel][\/et_pb_column][\/et_pb_row][\/et_pb_section]<\/p>\n","protected":false},"excerpt":{"rendered":"<p>Bienvenido a ShenProfessional software potente y f\u00e1cil de usar para acupuntura, MTC y gesti\u00f3n de consultas. Nuestro completo software le ofrece todo lo que su consulta necesita. ShenProfessional le facilita el aprendizaje de la MTC, y a los profesionales experimentados de la MTC y la acupuntura el acceso a una amplia base de informaci\u00f3n. Tambi\u00e9n [&hellip;]<\/p>\n","protected":false},"author":2,"featured_media":0,"parent":0,"menu_order":0,"comment_status":"closed","ping_status":"closed","template":"","meta":{"_et_pb_use_builder":"on","_et_pb_old_content":"","_et_gb_content_width":"","footnotes":""},"class_list":["post-817","page","type-page","status-publish","hentry"],"_links":{"self":[{"href":"https:\/\/shenprofessional.com\/es\/wp-json\/wp\/v2\/pages\/817","targetHints":{"allow":["GET"]}}],"collection":[{"href":"https:\/\/shenprofessional.com\/es\/wp-json\/wp\/v2\/pages"}],"about":[{"href":"https:\/\/shenprofessional.com\/es\/wp-json\/wp\/v2\/types\/page"}],"author":[{"embeddable":true,"href":"https:\/\/shenprofessional.com\/es\/wp-json\/wp\/v2\/users\/2"}],"replies":[{"embeddable":true,"href":"https:\/\/shenprofessional.com\/es\/wp-json\/wp\/v2\/comments?post=817"}],"version-history":[{"count":10,"href":"https:\/\/shenprofessional.com\/es\/wp-json\/wp\/v2\/pages\/817\/revisions"}],"predecessor-version":[{"id":975,"href":"https:\/\/shenprofessional.com\/es\/wp-json\/wp\/v2\/pages\/817\/revisions\/975"}],"wp:attachment":[{"href":"https:\/\/shenprofessional.com\/es\/wp-json\/wp\/v2\/media?parent=817"}],"curies":[{"name":"wp","href":"https:\/\/api.w.org\/{rel}","templated":true}]}}