{"id":838,"date":"2024-04-22T14:56:09","date_gmt":"2024-04-22T14:56:09","guid":{"rendered":"https:\/\/shenprofessional.com\/download-2"},"modified":"2025-04-27T17:48:18","modified_gmt":"2025-04-27T17:48:18","slug":"download","status":"publish","type":"page","link":"https:\/\/shenprofessional.com\/de\/download","title":{"rendered":"Download"},"content":{"rendered":"<p>[et_pb_section fb_built=&#8220;1&#8243; _builder_version=&#8220;4.25.0&#8243; _module_preset=&#8220;default&#8220; top_divider_style=&#8220;curve2&#8243; top_divider_color=&#8220;#7eb2dd&#8220; top_divider_height=&#8220;60px&#8220; top_divider_flip=&#8220;vertical&#8220; top_divider_height_tablet=&#8220;40px&#8220; top_divider_height_phone=&#8220;20px&#8220; top_divider_height_last_edited=&#8220;on|phone&#8220; global_colors_info=&#8220;{}&#8220;][et_pb_row _builder_version=&#8220;4.25.0&#8243; _module_preset=&#8220;default&#8220; global_colors_info=&#8220;{}&#8220;][et_pb_column type=&#8220;4_4&#8243; _builder_version=&#8220;4.25.0&#8243; _module_preset=&#8220;default&#8220; global_colors_info=&#8220;{}&#8220;][et_pb_text _builder_version=&#8220;4.25.2&#8243; _module_preset=&#8220;default&#8220; header_font=&#8220;|600|||||||&#8220; header_text_color=&#8220;#0C71C3&#8243; header_font_size=&#8220;40px&#8220; header_font_size_tablet=&#8220;35px&#8220; header_font_size_phone=&#8220;20px&#8220; header_font_size_last_edited=&#8220;on|phone&#8220; header_text_shadow_style=&#8220;preset1&#8243; global_colors_info=&#8220;{}&#8220;]<\/p>\n<h1>ShenProfessional &#8211; Demoversion<\/h1>\n<p>ShenProfessional 3.1 (Build 2024) ist Windows-Software und l\u00e4uft unter den folgenden Windows-Versionen:<\/p>\n<p><strong>Windows 2000, XP, Vista, Windows 7, 8, 10 oder 11.<\/strong><\/p>\n<p>ShenProfessional ben\u00f6tigt w\u00e4hrend der Installation keine Eintr\u00e4ge in der Windows Registrierung. Sie k\u00f6nnen ShenProfessional auch auf einem USB-Stick installieren und vom Stick aus starten (Voyager-Funktion). Alle Daten werden dann auf dem Stick gespeichert. ShenProfessional speichert Ihre Dateien auf Ihrem System (nicht in einer Cloud) und funktioniert auch ohne Internetverbindung.[\/et_pb_text][et_pb_button button_url=&#8220;https:\/\/ShenProfessional.com\/download-trial\/ShenProfessional-3-1-DE-Demo-Setup.exe&#8220; button_text=&#8220;Download ShenProfessional&#8217;s Demo&#8220; _builder_version=&#8220;4.27.4&#8243; _module_preset=&#8220;default&#8220; custom_button=&#8220;on&#8220; button_icon=&#8220;&#xf019;||fa||900&#8243; button_icon_placement=&#8220;left&#8220; button_on_hover=&#8220;off&#8220; custom_margin=&#8220;45px|||||&#8220; custom_padding=&#8220;5px|||||&#8220; hover_enabled=&#8220;0&#8243; button_text_shadow_style=&#8220;preset1&#8243; box_shadow_style=&#8220;preset2&#8243; global_colors_info=&#8220;{}&#8220; sticky_enabled=&#8220;0&#8243;][\/et_pb_button][et_pb_text _builder_version=&#8220;4.25.0&#8243; _module_preset=&#8220;default&#8220; custom_padding=&#8220;39px|||||&#8220; global_colors_info=&#8220;{}&#8220;]<\/p>\n<ul>\n<li><strong>Hinweis:<\/strong> <strong>Wir ben\u00f6tigen keine Microsoft-Zertifizierung<\/strong>.<br \/>Daher erhalten Sie beim Start der Installation die folgende Meldung von Microsoft: <em>&#8222;Der Computer wurde von Windows gesch\u00fctzt<\/em>.<br \/><em>Microsoft Defender SmartScreen hat den Start einer unbekannten Anwendung verhindert. Die Ausf\u00fchrung dieser Anwendung kann ein Risiko f\u00fcr den PC darstellen.<\/em><\/li>\n<li>Klicken Sie auf &#8222;<strong>Weitere Informationen<\/strong>&#8222;, um die Installation \u00fcber &#8222;<strong>Trotzdem ausf\u00fchren<\/strong>&#8220; zu starten. Wenn Sie auf &#8222;Nicht ausf\u00fchren&#8220; klicken, wird ShenProfessional nicht installiert.<\/li>\n<\/ul>\n<p>[\/et_pb_text][dgbc_blog_carousel orderby=&#8220;3&#8243; show_excerpt=&#8220;off&#8220; show_author=&#8220;off&#8220; show_date=&#8220;off&#8220; _builder_version=&#8220;4.25.0&#8243; _module_preset=&#8220;default&#8220; global_colors_info=&#8220;{}&#8220;][\/dgbc_blog_carousel][\/et_pb_column][\/et_pb_row][\/et_pb_section]<\/p>\n","protected":false},"excerpt":{"rendered":"<p>ShenProfessional &#8211; Demoversion ShenProfessional 3.1 (Build 2024) ist Windows-Software und l\u00e4uft unter den folgenden Windows-Versionen: Windows 2000, XP, Vista, Windows 7, 8, 10 oder 11. ShenProfessional ben\u00f6tigt w\u00e4hrend der Installation keine Eintr\u00e4ge in der Windows Registrierung. Sie k\u00f6nnen ShenProfessional auch auf einem USB-Stick installieren und vom Stick aus starten (Voyager-Funktion). Alle Daten werden dann auf [&hellip;]<\/p>\n","protected":false},"author":2,"featured_media":0,"parent":0,"menu_order":0,"comment_status":"closed","ping_status":"closed","template":"","meta":{"_et_pb_use_builder":"on","_et_pb_old_content":"","_et_gb_content_width":"","footnotes":""},"class_list":["post-838","page","type-page","status-publish","hentry"],"_links":{"self":[{"href":"https:\/\/shenprofessional.com\/de\/wp-json\/wp\/v2\/pages\/838","targetHints":{"allow":["GET"]}}],"collection":[{"href":"https:\/\/shenprofessional.com\/de\/wp-json\/wp\/v2\/pages"}],"about":[{"href":"https:\/\/shenprofessional.com\/de\/wp-json\/wp\/v2\/types\/page"}],"author":[{"embeddable":true,"href":"https:\/\/shenprofessional.com\/de\/wp-json\/wp\/v2\/users\/2"}],"replies":[{"embeddable":true,"href":"https:\/\/shenprofessional.com\/de\/wp-json\/wp\/v2\/comments?post=838"}],"version-history":[{"count":13,"href":"https:\/\/shenprofessional.com\/de\/wp-json\/wp\/v2\/pages\/838\/revisions"}],"predecessor-version":[{"id":969,"href":"https:\/\/shenprofessional.com\/de\/wp-json\/wp\/v2\/pages\/838\/revisions\/969"}],"wp:attachment":[{"href":"https:\/\/shenprofessional.com\/de\/wp-json\/wp\/v2\/media?parent=838"}],"curies":[{"name":"wp","href":"https:\/\/api.w.org\/{rel}","templated":true}]}}