{"id":54,"date":"2024-04-22T15:00:58","date_gmt":"2024-04-22T15:00:58","guid":{"rendered":"http:\/\/shenprofessional.com\/?page_id=54"},"modified":"2024-04-26T09:57:33","modified_gmt":"2024-04-26T09:57:33","slug":"ueber-uns","status":"publish","type":"page","link":"https:\/\/shenprofessional.com\/de\/ueber-uns","title":{"rendered":"\u00dcber uns"},"content":{"rendered":"<p>[et_pb_section fb_built=&#8220;1&#8243; _builder_version=&#8220;4.25.0&#8243; _module_preset=&#8220;default&#8220; background_image=&#8220;https:\/\/shenprofessional.com\/wp-content\/uploads\/2024\/04\/Neuhoefe.png&#8220; parallax=&#8220;on&#8220; top_divider_style=&#8220;curve2&#8243; top_divider_color=&#8220;#7eb2dd&#8220; top_divider_height=&#8220;60px&#8220; top_divider_flip=&#8220;vertical&#8220; top_divider_height_tablet=&#8220;40px&#8220; top_divider_height_phone=&#8220;20px&#8220; top_divider_height_last_edited=&#8220;on|phone&#8220; global_colors_info=&#8220;{}&#8220;][et_pb_row _builder_version=&#8220;4.25.0&#8243; _module_preset=&#8220;default&#8220; background_color=&#8220;rgba(255,255,255,0.76)&#8220; border_radii=&#8220;on|10px|10px|10px|10px&#8220; border_width_all=&#8220;13px&#8220; border_color_all=&#8220;RGBA(255,255,255,0)&#8220; box_shadow_style=&#8220;preset3&#8243; global_colors_info=&#8220;{}&#8220;][et_pb_column type=&#8220;4_4&#8243; _builder_version=&#8220;4.25.0&#8243; _module_preset=&#8220;default&#8220; global_colors_info=&#8220;{}&#8220;][et_pb_text _builder_version=&#8220;4.25.0&#8243; _module_preset=&#8220;default&#8220; header_font=&#8220;|600|||||||&#8220; header_text_color=&#8220;#0C71C3&#8243; header_font_size=&#8220;40px&#8220; header_font_size_tablet=&#8220;35px&#8220; header_font_size_phone=&#8220;20px&#8220; header_font_size_last_edited=&#8220;on|phone&#8220; header_text_shadow_style=&#8220;preset1&#8243; global_colors_info=&#8220;{}&#8220;]<\/p>\n<h1>\u00dcber uns<\/h1>\n<p>[\/et_pb_text][et_pb_team_member name=&#8220;J\u00fcrgen Bschaden&#8220; position=&#8220;Gesch\u00e4ftsf\u00fchrer &#038; Autor&#8220; image_url=&#8220;https:\/\/shenprofessional.com\/wp-content\/uploads\/2024\/04\/JB_18.jpg&#8220; _builder_version=&#8220;4.25.0&#8243; _module_preset=&#8220;default&#8220; border_radii_image=&#8220;on|10px|10px|10px|10px&#8220; box_shadow_style_image=&#8220;preset3&#8243; global_colors_info=&#8220;{}&#8220;]<\/p>\n<p>Unseren Firmensitz \u2013 80 km von Frankfurt\/Main entfernt \u2013 sehen Sie im Hintergrund. Hier grasen Rehe in Sichtweite und Pferde laufen noch auf der Strasse. Hier leben und arbeiten wir.<\/p>\n<p>In meiner Praxis war ich schon fr\u00fch mit komplexen Krankheitsbildern konfrontiert. Schon damals habe ich damit begonnen, Informationen zu Akupunkturpunkten zu sammeln und in einer Datenbank zu verwalten.<\/p>\n<p>[\/et_pb_team_member][et_pb_text _builder_version=&#8220;4.25.0&#8243; _module_preset=&#8220;default&#8220; global_colors_info=&#8220;{}&#8220;]<\/p>\n<div class=\"et_pb_row et_pb_row_4\">\n<div class=\"et_pb_column et_pb_column_4_4 et_pb_column_5  et_pb_css_mix_blend_mode_passthrough et-last-child\">\n<div class=\"et_pb_module et_pb_text et_pb_text_2  et_pb_text_align_left et_pb_bg_layout_light\">\n<div class=\"et_pb_text_inner\">\n<h1 style=\"text-align: center;\">Impressum<\/h1>\n<p style=\"text-align: center;\">Dipl. Phys. Juergen Bschaden<br \/>Neuh\u00f6fe 4<br \/>35041 Marburg<br \/>Deutschland<\/p>\n<p style=\"text-align: center;\"><strong>E-mail:<\/strong><br \/><a href=\"mailto:J.Bschaden@shenprofessional.com\">J.Bschaden@shenprofessional.com<\/a><\/p>\n<p style=\"text-align: center;\"><strong>Fon:<\/strong><br \/>+491627930889<\/p>\n<p style=\"text-align: center;\"><strong>UST-ID:<\/strong><br \/>060500DE206498876<\/p>\n<\/div>\n<\/div>\n<\/div>\n<\/div>\n<p>[\/et_pb_text][\/et_pb_column][\/et_pb_row][\/et_pb_section]<\/p>\n","protected":false},"excerpt":{"rendered":"<p>\u00dcber unsUnseren Firmensitz \u2013 80 km von Frankfurt\/Main entfernt \u2013 sehen Sie im Hintergrund. Hier grasen Rehe in Sichtweite und Pferde laufen noch auf der Strasse. Hier leben und arbeiten wir. In meiner Praxis war ich schon fr\u00fch mit komplexen Krankheitsbildern konfrontiert. Schon damals habe ich damit begonnen, Informationen zu Akupunkturpunkten zu sammeln und in [&hellip;]<\/p>\n","protected":false},"author":2,"featured_media":0,"parent":0,"menu_order":0,"comment_status":"closed","ping_status":"closed","template":"","meta":{"_et_pb_use_builder":"on","_et_pb_old_content":"","_et_gb_content_width":"","footnotes":""},"class_list":["post-54","page","type-page","status-publish","hentry"],"_links":{"self":[{"href":"https:\/\/shenprofessional.com\/de\/wp-json\/wp\/v2\/pages\/54","targetHints":{"allow":["GET"]}}],"collection":[{"href":"https:\/\/shenprofessional.com\/de\/wp-json\/wp\/v2\/pages"}],"about":[{"href":"https:\/\/shenprofessional.com\/de\/wp-json\/wp\/v2\/types\/page"}],"author":[{"embeddable":true,"href":"https:\/\/shenprofessional.com\/de\/wp-json\/wp\/v2\/users\/2"}],"replies":[{"embeddable":true,"href":"https:\/\/shenprofessional.com\/de\/wp-json\/wp\/v2\/comments?post=54"}],"version-history":[{"count":5,"href":"https:\/\/shenprofessional.com\/de\/wp-json\/wp\/v2\/pages\/54\/revisions"}],"predecessor-version":[{"id":657,"href":"https:\/\/shenprofessional.com\/de\/wp-json\/wp\/v2\/pages\/54\/revisions\/657"}],"wp:attachment":[{"href":"https:\/\/shenprofessional.com\/de\/wp-json\/wp\/v2\/media?parent=54"}],"curies":[{"name":"wp","href":"https:\/\/api.w.org\/{rel}","templated":true}]}}