{"id":28,"date":"2024-04-22T14:52:34","date_gmt":"2024-04-22T14:52:34","guid":{"rendered":"http:\/\/shenprofessional.com\/?page_id=28"},"modified":"2024-04-23T11:35:14","modified_gmt":"2024-04-23T11:35:14","slug":"features","status":"publish","type":"page","link":"https:\/\/shenprofessional.com\/de\/features","title":{"rendered":"Features"},"content":{"rendered":"<p>[et_pb_section fb_built=&#8220;1&#8243; _builder_version=&#8220;4.25.0&#8243; _module_preset=&#8220;default&#8220; top_divider_style=&#8220;curve2&#8243; top_divider_color=&#8220;#7eb2dd&#8220; top_divider_height=&#8220;60px&#8220; top_divider_flip=&#8220;vertical&#8220; top_divider_height_tablet=&#8220;40px&#8220; top_divider_height_phone=&#8220;20px&#8220; top_divider_height_last_edited=&#8220;on|phone&#8220; global_colors_info=&#8220;{}&#8220;][et_pb_row _builder_version=&#8220;4.25.0&#8243; _module_preset=&#8220;default&#8220; global_colors_info=&#8220;{}&#8220;][et_pb_column type=&#8220;4_4&#8243; _builder_version=&#8220;4.25.0&#8243; _module_preset=&#8220;default&#8220; global_colors_info=&#8220;{}&#8220;][et_pb_text _builder_version=&#8220;4.25.0&#8243; _module_preset=&#8220;default&#8220; header_font=&#8220;|600|||||||&#8220; header_text_color=&#8220;#0C71C3&#8243; header_font_size=&#8220;40px&#8220; header_font_size_tablet=&#8220;35px&#8220; header_font_size_phone=&#8220;20px&#8220; header_font_size_last_edited=&#8220;on|phone&#8220; header_text_shadow_style=&#8220;preset1&#8243; global_colors_info=&#8220;{}&#8220;]<\/p>\n<h1>ShenProfessional &#8211; Funktionen &amp; Inhalte<\/h1>\n<p><span style=\"color: #666666; font-family: 'Open Sans', Arial, sans-serif; font-size: 14px; font-style: normal; font-variant-ligatures: normal; font-variant-caps: normal; font-weight: 500; letter-spacing: normal; orphans: 2; text-align: left; text-indent: 0px; text-transform: none; widows: 2; word-spacing: 0px; -webkit-text-stroke-width: 0px; white-space: normal; background-color: #fcfcfc; text-decoration-thickness: initial; text-decoration-style: initial; text-decoration-color: initial; display: inline !important; float: none;\">Die 5 Arbeitsbereiche in ShenProfessional bieten einen komfortablen Weg, um nahezu alle Aspekte Ihrer Praxis einschlie\u00dflich Ihrem TCM-Studium zu organisieren. ShenProfessional bietet eine interessante L\u00f6sung f\u00fcr Akupunkteure und TCM Therapeuten.<\/span><\/p>\n<p>[\/et_pb_text][\/et_pb_column][\/et_pb_row][et_pb_row column_structure=&#8220;1_2,1_2&#8243; _builder_version=&#8220;4.25.0&#8243; _module_preset=&#8220;default&#8220; custom_padding=&#8220;6px|||||&#8220; global_colors_info=&#8220;{}&#8220;][et_pb_column type=&#8220;1_2&#8243; _builder_version=&#8220;4.25.0&#8243; _module_preset=&#8220;default&#8220; global_colors_info=&#8220;{}&#8220;][et_pb_image src=&#8220;https:\/\/shenprofessional.com\/wp-content\/uploads\/2024\/04\/DE-Features-Akupunkturtafeln.jpg&#8220; title_text=&#8220;Digitaler Akupunkturatlas&#8220; align=&#8220;center&#8220; _builder_version=&#8220;4.25.0&#8243; _module_preset=&#8220;default&#8220; border_radii=&#8220;on|5px|5px|5px|5px&#8220; border_width_all=&#8220;2px&#8220; border_color_all=&#8220;#c6c6c6&#8243; box_shadow_style=&#8220;preset3&#8243; global_colors_info=&#8220;{}&#8220;][\/et_pb_image][\/et_pb_column][et_pb_column type=&#8220;1_2&#8243; _builder_version=&#8220;4.25.0&#8243; _module_preset=&#8220;default&#8220; global_colors_info=&#8220;{}&#8220;][et_pb_text _builder_version=&#8220;4.25.0&#8243; _module_preset=&#8220;default&#8220; header_2_font=&#8220;||||||||&#8220; header_3_font=&#8220;|600|||||||&#8220; header_3_text_color=&#8220;#0C71C3&#8243; header_3_line_height=&#8220;1.3em&#8220; header_3_line_height_tablet=&#8220;1.3em&#8220; header_3_line_height_phone=&#8220;1.3em&#8220; header_3_line_height_last_edited=&#8220;on|phone&#8220; header_3_text_shadow_style=&#8220;preset1&#8243; global_colors_info=&#8220;{}&#8220;]<\/p>\n<h3>Digitaler Akupunkturatlas<\/h3>\n<p>ShenProfessional bietet Ihnen einen vollst\u00e4ndigen digitalen Akupunkturatlas und unterst\u00fctzt Sie in Ihrem Studium der Akupunktur und traditionellen chinesischen Medizin. ShenProfessional erm\u00f6glicht exakte Punktlokalisation und zeigt Ihnen die Akupunkturpunkte auf der Haut, der Muskulatur, den Knochen und auf Inneren Organen, Gef\u00e4\u00dfen und Nerven.<\/p>\n<ul>\n<li>409 Akupunkturpunkte inklusive Extrapunkte<\/li>\n<li>Akupunkturtafeln in 4 Schichten<\/li>\n<li>Punktinformationen sind um eigene Notizen erweiterbar<\/li>\n<li>Volltextsuche<\/li>\n<li>Bew\u00e4hrtes Punktrezept zu jeder TCM-Diagnose<\/li>\n<li>Punktrecherche zum Erstellen eigener Punktkombinationen<\/li>\n<\/ul>\n<p>[\/et_pb_text][\/et_pb_column][\/et_pb_row][et_pb_row column_structure=&#8220;1_2,1_2&#8243; _builder_version=&#8220;4.25.0&#8243; _module_preset=&#8220;default&#8220; custom_padding=&#8220;6px||0px|||&#8220; global_colors_info=&#8220;{}&#8220;][et_pb_column type=&#8220;1_2&#8243; _builder_version=&#8220;4.25.0&#8243; _module_preset=&#8220;default&#8220; global_colors_info=&#8220;{}&#8220;][et_pb_text _builder_version=&#8220;4.25.0&#8243; _module_preset=&#8220;default&#8220; header_2_font=&#8220;||||||||&#8220; header_3_font=&#8220;|600|||||||&#8220; header_3_text_color=&#8220;#0C71C3&#8243; header_3_line_height=&#8220;1.3em&#8220; header_3_line_height_tablet=&#8220;1.3em&#8220; header_3_line_height_phone=&#8220;1.3em&#8220; header_3_line_height_last_edited=&#8220;on|phone&#8220; header_3_text_shadow_style=&#8220;preset1&#8243; global_colors_info=&#8220;{}&#8220;]<\/p>\n<h3>Punktrecherche<\/h3>\n<p>Die Punktrecherche ist eine spezielle Akupunkturpunktsuche. Sie k\u00f6nnen damit nach Akupunkturpunkten suchen, die einzelne TCM-Diagnosen behandeln, aber auch nach jeder beliebigen Kombination von TCM-Diagnosen und TCM-Begriffen.<\/p>\n<p><strong>Beispiel 1:<\/strong><br \/>Bei einer Punktrecherche nach Lungen-Yin-Mangel erhalten Sie als Ergebnis alle Akupunkturpunkte, die das Lungen-Yin st\u00e4rken.<\/p>\n<p><strong>Beispiel 2:<\/strong><br \/>Bei einer Punktrecherche nach Lungen-Yin-Mangel und Hitze erhalten Sie als Ergebnis die Akupunkturpunkte, die das Lungen-Yin st\u00e4rken und gleichzeitig Hitze vertreiben.<\/p>\n<p><strong>Beispiel 3:<\/strong><br \/>Bei einer Punktrecherche nach Lungen-Yin-Mangel und Tonisierungspunkt erhalten Sie als Ergebnis die Tonisierungspunkte, die auch das Lungen-Yin st\u00e4rken.<\/p>\n<p>[\/et_pb_text][\/et_pb_column][et_pb_column type=&#8220;1_2&#8243; _builder_version=&#8220;4.25.0&#8243; _module_preset=&#8220;default&#8220; global_colors_info=&#8220;{}&#8220;][et_pb_image src=&#8220;https:\/\/shenprofessional.com\/wp-content\/uploads\/2024\/04\/DE-Features-Punktrecherche-1.jpg&#8220; title_text=&#8220;ShenProfessional: Punktrecherche&#8220; align=&#8220;center&#8220; _builder_version=&#8220;4.25.0&#8243; _module_preset=&#8220;default&#8220; border_radii=&#8220;on|5px|5px|5px|5px&#8220; border_width_all=&#8220;2px&#8220; border_color_all=&#8220;#c6c6c6&#8243; box_shadow_style=&#8220;preset3&#8243; global_colors_info=&#8220;{}&#8220;][\/et_pb_image][\/et_pb_column][\/et_pb_row][et_pb_row column_structure=&#8220;1_2,1_2&#8243; _builder_version=&#8220;4.25.0&#8243; _module_preset=&#8220;default&#8220; custom_margin=&#8220;39px|auto||auto||&#8220; custom_padding=&#8220;6px|||||&#8220; global_colors_info=&#8220;{}&#8220;][et_pb_column type=&#8220;1_2&#8243; _builder_version=&#8220;4.25.0&#8243; _module_preset=&#8220;default&#8220; global_colors_info=&#8220;{}&#8220;][et_pb_image src=&#8220;https:\/\/shenprofessional.com\/wp-content\/uploads\/2024\/04\/DE-Features-WurzelundZweig.jpg&#8220; title_text=&#8220;ShenProfessional: TCM-Diagnostik mit Wurzel und Zweig&#8220; align=&#8220;center&#8220; _builder_version=&#8220;4.25.0&#8243; _module_preset=&#8220;default&#8220; hover_enabled=&#8220;0&#8243; border_radii=&#8220;on|5px|5px|5px|5px&#8220; border_width_all=&#8220;2px&#8220; border_color_all=&#8220;#c6c6c6&#8243; box_shadow_style=&#8220;preset3&#8243; global_colors_info=&#8220;{}&#8220; sticky_enabled=&#8220;0&#8243;][\/et_pb_image][\/et_pb_column][et_pb_column type=&#8220;1_2&#8243; _builder_version=&#8220;4.25.0&#8243; _module_preset=&#8220;default&#8220; global_colors_info=&#8220;{}&#8220;][et_pb_text _builder_version=&#8220;4.25.0&#8243; _module_preset=&#8220;default&#8220; header_2_font=&#8220;||||||||&#8220; header_3_font=&#8220;|600|||||||&#8220; header_3_text_color=&#8220;#0C71C3&#8243; header_3_line_height=&#8220;1.3em&#8220; header_3_line_height_tablet=&#8220;1.3em&#8220; header_3_line_height_phone=&#8220;1.3em&#8220; header_3_line_height_last_edited=&#8220;on|phone&#8220; header_3_text_shadow_style=&#8220;preset1&#8243; global_colors_info=&#8220;{}&#8220;]<\/p>\n<h3>TCM Diagnostik mit Wurzel und Zweig<\/h3>\n<p>Eine individuelle, auf den einzelnen Patienten abgestimmte Diagnostik ist die Basis einer erfolgreichen Behandlung. ShenProfessional unterst\u00fctzt Sie beim Erstellen einer TCM-Diagnose und steigert Ihre Behandlungserfolge!<\/p>\n<ul>\n<li>TCM-Informationen mit Symptomen, Ursache, Therapiehinweise, Wurzel und Zweig, Punktkombination zu jeder TCM-Diagnose<\/li>\n<li>TCM-Diagnostik einzelner Symptome mit Zugriff auf \u00fcber 4000 Symptome und westliche Krankheitsbilder, inklusive Wurzel- und Zweig-Diagnostik<\/li>\n<li>Komplexe Diagnoseauswertung mit \u00dcbersicht \u00fcber die beteiligten Funktionskreise sowie Wurzel- und Zweigdiagnostik<\/li>\n<li>Direktzugriff auf TCM-Informationen und Punktrecherche \u00fcber das Kontext-Men\u00fc (rechte Maustaste)<\/li>\n<\/ul>\n<p>[\/et_pb_text][\/et_pb_column][\/et_pb_row][et_pb_row column_structure=&#8220;1_2,1_2&#8243; _builder_version=&#8220;4.25.0&#8243; _module_preset=&#8220;default&#8220; custom_padding=&#8220;6px||6px|||&#8220; global_colors_info=&#8220;{}&#8220;][et_pb_column type=&#8220;1_2&#8243; _builder_version=&#8220;4.25.0&#8243; _module_preset=&#8220;default&#8220; global_colors_info=&#8220;{}&#8220;][et_pb_text _builder_version=&#8220;4.25.0&#8243; _module_preset=&#8220;default&#8220; header_2_font=&#8220;||||||||&#8220; header_3_font=&#8220;|600|||||||&#8220; header_3_text_color=&#8220;#0C71C3&#8243; header_3_line_height=&#8220;1.3em&#8220; header_3_line_height_tablet=&#8220;1.3em&#8220; header_3_line_height_phone=&#8220;1.3em&#8220; header_3_line_height_last_edited=&#8220;on|phone&#8220; header_3_text_shadow_style=&#8220;preset1&#8243; global_colors_info=&#8220;{}&#8220;]<\/p>\n<h3>4 TCM-Fachb\u00fccher zus\u00e4tzlich zum Shen-Akupunkturatlas<\/h3>\n<p>Die TCM-Theorie in ShenProfessional beinhaltet mittlerweile 4 Fachb\u00fccher &#8211; zus\u00e4tzlich zum Shen-Akupunkturatlas &#8211;\u00a0 mit \u00fcber 500 Seiten und zahlreichen Illustrationen, die Ihnen einen schnelleren Einstieg in die chinesische Medizin erm\u00f6glichen als herk\u00f6mmliche Fachliteratur.<\/p>\n<ul>\n<li>Grundlagen der TCM<\/li>\n<li>Au\u00dferordentliche Gef\u00e4\u00dfe mit spezieller Palpationsdiagnostik<\/li>\n<li>Fu Ke \u2013 Chinesische Gyn\u00e4kologie<\/li>\n<li>Chinesische Zungendiagnostik mit Zungengalerie<\/li>\n<\/ul>\n<p>[\/et_pb_text][\/et_pb_column][et_pb_column type=&#8220;1_2&#8243; _builder_version=&#8220;4.25.0&#8243; _module_preset=&#8220;default&#8220; global_colors_info=&#8220;{}&#8220;][et_pb_image src=&#8220;https:\/\/shenprofessional.com\/wp-content\/uploads\/2024\/04\/DE-Features-TCMTheorie.jpg&#8220; title_text=&#8220;ShenProfessional: TCM-Theorie&#8220; align=&#8220;center&#8220; _builder_version=&#8220;4.25.0&#8243; _module_preset=&#8220;default&#8220; hover_enabled=&#8220;0&#8243; border_radii=&#8220;on|5px|5px|5px|5px&#8220; border_width_all=&#8220;2px&#8220; border_color_all=&#8220;#c6c6c6&#8243; box_shadow_style=&#8220;preset3&#8243; global_colors_info=&#8220;{}&#8220; sticky_enabled=&#8220;0&#8243;][\/et_pb_image][\/et_pb_column][\/et_pb_row][et_pb_row column_structure=&#8220;1_2,1_2&#8243; _builder_version=&#8220;4.25.0&#8243; _module_preset=&#8220;default&#8220; custom_margin=&#8220;40px|auto||auto||&#8220; custom_padding=&#8220;6px||6px|||&#8220; global_colors_info=&#8220;{}&#8220;][et_pb_column type=&#8220;1_2&#8243; _builder_version=&#8220;4.25.0&#8243; _module_preset=&#8220;default&#8220; global_colors_info=&#8220;{}&#8220;][et_pb_image src=&#8220;https:\/\/shenprofessional.com\/wp-content\/uploads\/2024\/04\/DE-Features-Patientenakte.jpg&#8220; title_text=&#8220;ShenProfessional: Patientenakte&#8220; align=&#8220;center&#8220; _builder_version=&#8220;4.25.0&#8243; _module_preset=&#8220;default&#8220; hover_enabled=&#8220;0&#8243; border_radii=&#8220;on|5px|5px|5px|5px&#8220; border_width_all=&#8220;2px&#8220; border_color_all=&#8220;#c6c6c6&#8243; box_shadow_style=&#8220;preset3&#8243; global_colors_info=&#8220;{}&#8220; sticky_enabled=&#8220;0&#8243;][\/et_pb_image][\/et_pb_column][et_pb_column type=&#8220;1_2&#8243; _builder_version=&#8220;4.25.0&#8243; _module_preset=&#8220;default&#8220; global_colors_info=&#8220;{}&#8220;][et_pb_text _builder_version=&#8220;4.25.0&#8243; _module_preset=&#8220;default&#8220; header_2_font=&#8220;||||||||&#8220; header_3_font=&#8220;|600|||||||&#8220; header_3_text_color=&#8220;#0C71C3&#8243; header_3_line_height=&#8220;1.3em&#8220; header_3_line_height_tablet=&#8220;1.3em&#8220; header_3_line_height_phone=&#8220;1.3em&#8220; header_3_line_height_last_edited=&#8220;on|phone&#8220; header_3_text_shadow_style=&#8220;preset1&#8243; global_colors_info=&#8220;{}&#8220;]<\/p>\n<h3>Patientenverwaltung<\/h3>\n<p>Die Patientenverwaltung in ShenProfessional hilft Ihnen bei zahlreichen Praxisaufgaben. Neben der Adressverwaltung, der Dokumentation von Befunden und Behandlungen, liefert Ihnen ShenProfessional eine komplexe TCM-Diagnoseauswertung mit Wurzel- und Zweig-Diagnostik.<\/p>\n<p>In der Patientenakte k\u00f6nnen aber auch direkt zum Termin Leistungen und Produkte abgerechnet werden. Die Rechnung ist anschlie\u00dfend mit nur zwei Mausklicks fertig!<\/p>\n<p>Dar\u00fcber hinaus eignet sich die Patientenverwaltung auch f\u00fcr Ihr Marketing. Durch die Schnittstelle zu MS Word k\u00f6nnen Sie Einladungen, Rundschreiben, Gl\u00fcckw\u00fcnsche problemlos erstellen, drucken oder per E-Mail verschicken.<\/p>\n<ul>\n<li>Adressverwaltung<\/li>\n<li>Dokumentation der Befunde, der Befragung sowie der Therapie<\/li>\n<li>Speichern von Symptomen direkt aus dem Symptom-Katalog<\/li>\n<li>TCM Diagnoseauswertung zum Patienten mit Wurzel- und Zweig-Diagnostik<\/li>\n<li>Abrechnung von Leistungen und Produkten zum Termin<\/li>\n<li>Erstellen Sie Serienbriefe, Einladungen, Rundschreiben, Gl\u00fcckw\u00fcnsche etc.<br \/>Schnittstelle zu MS Word<\/li>\n<\/ul>\n<p>[\/et_pb_text][\/et_pb_column][\/et_pb_row][et_pb_row column_structure=&#8220;1_2,1_2&#8243; _builder_version=&#8220;4.25.0&#8243; _module_preset=&#8220;default&#8220; min_height=&#8220;381px&#8220; custom_margin=&#8220;41px|auto||auto||&#8220; custom_padding=&#8220;6px||6px|||&#8220; global_colors_info=&#8220;{}&#8220;][et_pb_column type=&#8220;1_2&#8243; _builder_version=&#8220;4.25.0&#8243; _module_preset=&#8220;default&#8220; global_colors_info=&#8220;{}&#8220;][et_pb_text _builder_version=&#8220;4.25.0&#8243; _module_preset=&#8220;default&#8220; header_2_font=&#8220;||||||||&#8220; header_3_font=&#8220;|600|||||||&#8220; header_3_text_color=&#8220;#0C71C3&#8243; header_3_line_height=&#8220;1.3em&#8220; header_3_line_height_tablet=&#8220;1.3em&#8220; header_3_line_height_phone=&#8220;1.3em&#8220; header_3_line_height_last_edited=&#8220;on|phone&#8220; header_3_text_shadow_style=&#8220;preset1&#8243; global_colors_info=&#8220;{}&#8220;]<\/p>\n<h3>Terminkalender<\/h3>\n<p>ShenProfessional beinhaltet einen intelligenten und intuitiven Terminkalender, der Ihnen \u00fcbersichtlich Ihren Tages- oder Wochenplan pr\u00e4sentiert.<\/p>\n<ul>\n<li>Ansicht Tag, 5-Tage-Woche, 7-Tage-Woche, Monat<\/li>\n<li>Termine verschieben mit drag and drop<\/li>\n<li>Terminerinnerung ausdrucken<\/li>\n<li>Terminerinnerung per Email verschicken<\/li>\n<li>Behandlungstakt beliebig einstellbar<\/li>\n<li>Tagesbeginn beliebig einstellbar<\/li>\n<li>Termine kopieren und einf\u00fcgen<\/li>\n<li>Notizen zu Terminen vergeben<\/li>\n<\/ul>\n<p>[\/et_pb_text][\/et_pb_column][et_pb_column type=&#8220;1_2&#8243; _builder_version=&#8220;4.25.0&#8243; _module_preset=&#8220;default&#8220; global_colors_info=&#8220;{}&#8220;][et_pb_image src=&#8220;https:\/\/shenprofessional.com\/wp-content\/uploads\/2024\/04\/DE-Features-Terminkalender.jpg&#8220; title_text=&#8220;ShenProfessional: Terminkalender&#8220; align=&#8220;center&#8220; _builder_version=&#8220;4.25.0&#8243; _module_preset=&#8220;default&#8220; hover_enabled=&#8220;0&#8243; border_radii=&#8220;on|5px|5px|5px|5px&#8220; border_width_all=&#8220;2px&#8220; border_color_all=&#8220;#c6c6c6&#8243; box_shadow_style=&#8220;preset3&#8243; global_colors_info=&#8220;{}&#8220; sticky_enabled=&#8220;0&#8243;][\/et_pb_image][\/et_pb_column][\/et_pb_row][et_pb_row column_structure=&#8220;1_2,1_2&#8243; _builder_version=&#8220;4.25.0&#8243; _module_preset=&#8220;default&#8220; custom_margin=&#8220;42px|auto||auto||&#8220; custom_padding=&#8220;6px||6px|||&#8220; global_colors_info=&#8220;{}&#8220;][et_pb_column type=&#8220;1_2&#8243; _builder_version=&#8220;4.25.0&#8243; _module_preset=&#8220;default&#8220; global_colors_info=&#8220;{}&#8220;][et_pb_image src=&#8220;https:\/\/shenprofessional.com\/wp-content\/uploads\/2024\/04\/DE-Features-Rechnungswesen.jpg&#8220; title_text=&#8220;ShenProfessional: Rechnungswesen&#8220; align=&#8220;center&#8220; _builder_version=&#8220;4.25.0&#8243; _module_preset=&#8220;default&#8220; hover_enabled=&#8220;0&#8243; border_radii=&#8220;on|5px|5px|5px|5px&#8220; border_width_all=&#8220;2px&#8220; border_color_all=&#8220;#c6c6c6&#8243; box_shadow_style=&#8220;preset3&#8243; global_colors_info=&#8220;{}&#8220; sticky_enabled=&#8220;0&#8243;][\/et_pb_image][\/et_pb_column][et_pb_column type=&#8220;1_2&#8243; _builder_version=&#8220;4.25.0&#8243; _module_preset=&#8220;default&#8220; global_colors_info=&#8220;{}&#8220;][et_pb_text _builder_version=&#8220;4.25.0&#8243; _module_preset=&#8220;default&#8220; header_2_font=&#8220;||||||||&#8220; header_3_font=&#8220;|600|||||||&#8220; header_3_text_color=&#8220;#0C71C3&#8243; header_3_line_height=&#8220;1.3em&#8220; header_3_line_height_tablet=&#8220;1.3em&#8220; header_3_line_height_phone=&#8220;1.3em&#8220; header_3_line_height_last_edited=&#8220;on|phone&#8220; header_3_text_shadow_style=&#8220;preset1&#8243; global_colors_info=&#8220;{}&#8220;]<\/p>\n<h3>Rechnungswesen \u2013 flexibel und zuverl\u00e4ssig<\/h3>\n<p>Das Rechnungswesen in ShenProfessional erstellt Rechnungen mit wenigen Mausklicks. Dabei k\u00f6nnen nicht nur Leistungen abgerechnet werden, sondern auch Produkte. Das Rechnungswesen in ShenProfessional ist einfach, flexibel, \u00fcbersichtlich und zuverl\u00e4ssig.<\/p>\n<ul>\n<li>Rechnungen mit wenigen Mausklicks<\/li>\n<li>Abrechnung von Leistungen und\/oder Produkte<\/li>\n<li>Layout ver\u00e4nderbar<\/li>\n<li>Rechnungsnummer editierbar<\/li>\n<li>Abrechnungsziffern und Produkte beliebig erweiterbar<\/li>\n<li>Ansicht offene (nicht bezahlte) Rechnungen<\/li>\n<li>Rechnungsdruck intern oder mit MS Word<\/li>\n<li>f\u00fcr alle Heilberufe mit Privatabrechnung<\/li>\n<li>Mahnwesen<\/li>\n<\/ul>\n<p>[\/et_pb_text][\/et_pb_column][\/et_pb_row][\/et_pb_section]<\/p>\n","protected":false},"excerpt":{"rendered":"<p>ShenProfessional &#8211; Funktionen &amp; Inhalte Die 5 Arbeitsbereiche in ShenProfessional bieten einen komfortablen Weg, um nahezu alle Aspekte Ihrer Praxis einschlie\u00dflich Ihrem TCM-Studium zu organisieren. ShenProfessional bietet eine interessante L\u00f6sung f\u00fcr Akupunkteure und TCM Therapeuten.Digitaler Akupunkturatlas ShenProfessional bietet Ihnen einen vollst\u00e4ndigen digitalen Akupunkturatlas und unterst\u00fctzt Sie in Ihrem Studium der Akupunktur und traditionellen chinesischen Medizin. [&hellip;]<\/p>\n","protected":false},"author":2,"featured_media":0,"parent":0,"menu_order":0,"comment_status":"closed","ping_status":"closed","template":"","meta":{"_et_pb_use_builder":"on","_et_pb_old_content":"","_et_gb_content_width":"","footnotes":""},"class_list":["post-28","page","type-page","status-publish","hentry"],"_links":{"self":[{"href":"https:\/\/shenprofessional.com\/de\/wp-json\/wp\/v2\/pages\/28","targetHints":{"allow":["GET"]}}],"collection":[{"href":"https:\/\/shenprofessional.com\/de\/wp-json\/wp\/v2\/pages"}],"about":[{"href":"https:\/\/shenprofessional.com\/de\/wp-json\/wp\/v2\/types\/page"}],"author":[{"embeddable":true,"href":"https:\/\/shenprofessional.com\/de\/wp-json\/wp\/v2\/users\/2"}],"replies":[{"embeddable":true,"href":"https:\/\/shenprofessional.com\/de\/wp-json\/wp\/v2\/comments?post=28"}],"version-history":[{"count":23,"href":"https:\/\/shenprofessional.com\/de\/wp-json\/wp\/v2\/pages\/28\/revisions"}],"predecessor-version":[{"id":252,"href":"https:\/\/shenprofessional.com\/de\/wp-json\/wp\/v2\/pages\/28\/revisions\/252"}],"wp:attachment":[{"href":"https:\/\/shenprofessional.com\/de\/wp-json\/wp\/v2\/media?parent=28"}],"curies":[{"name":"wp","href":"https:\/\/api.w.org\/{rel}","templated":true}]}}