{"id":11,"date":"2024-04-21T18:35:05","date_gmt":"2024-04-21T18:35:05","guid":{"rendered":"http:\/\/shenprofessional.com\/?page_id=11"},"modified":"2025-04-27T17:53:18","modified_gmt":"2025-04-27T17:53:18","slug":"home","status":"publish","type":"page","link":"https:\/\/shenprofessional.com\/de","title":{"rendered":"Home"},"content":{"rendered":"<p>[et_pb_section fb_built=&#8220;1&#8243; _builder_version=&#8220;4.25.0&#8243; _module_preset=&#8220;default&#8220; top_divider_style=&#8220;curve2&#8243; top_divider_color=&#8220;#7eb2dd&#8220; top_divider_height=&#8220;60px&#8220; top_divider_flip=&#8220;vertical&#8220; top_divider_height_tablet=&#8220;40px&#8220; top_divider_height_phone=&#8220;20px&#8220; top_divider_height_last_edited=&#8220;on|phone&#8220; global_colors_info=&#8220;{}&#8220;][et_pb_row _builder_version=&#8220;4.25.0&#8243; _module_preset=&#8220;default&#8220; global_colors_info=&#8220;{}&#8220;][et_pb_column type=&#8220;4_4&#8243; _builder_version=&#8220;4.25.0&#8243; _module_preset=&#8220;default&#8220; global_colors_info=&#8220;{}&#8220;][et_pb_text _builder_version=&#8220;4.25.0&#8243; _module_preset=&#8220;default&#8220; header_font=&#8220;|700|||||||&#8220; header_text_color=&#8220;#0C71C3&#8243; header_font_size=&#8220;40px&#8220; custom_padding=&#8220;||4px|||&#8220; header_font_tablet=&#8220;|700|||||||&#8220; header_font_phone=&#8220;|600|||||||&#8220; header_font_last_edited=&#8220;on|phone&#8220; header_font_size_tablet=&#8220;35px&#8220; header_font_size_phone=&#8220;18px&#8220; header_font_size_last_edited=&#8220;on|phone&#8220; header_text_shadow_style=&#8220;preset1&#8243; global_colors_info=&#8220;{}&#8220;]<\/p>\n<h1>Willkommen bei ShenProfessional<\/h1>\n<p><span style=\"color: #666666; font-family: 'Open Sans', Arial, sans-serif; font-size: 14px; font-style: normal; font-variant-ligatures: normal; font-variant-caps: normal; font-weight: 500; letter-spacing: normal; orphans: 2; text-align: left; text-indent: 0px; text-transform: none; widows: 2; word-spacing: 0px; -webkit-text-stroke-width: 0px; white-space: normal; background-color: #fcfcfc; text-decoration-thickness: initial; text-decoration-style: initial; text-decoration-color: initial; display: inline !important; float: none;\">ShenProfessional ist die leistungsstarke und benutzerfreundliche Windows-Software f\u00fcr Akupunktur, TCM und Praxismanagement. ShenProfessional beinhaltet einen digitalen Akupunkturatlas, \u00fcber 4000 Symptome und westliche Krankheitsbilder mit zugeh\u00f6riger TCM-Diagnostik und verst\u00e4ndliche Abhandlungen \u00fcber die Grundlagen der TCM, Qi Jing Ba Mai, Fu Ke und Zungendiagnostik.<\/span><\/p>\n<p>[\/et_pb_text][et_pb_tabs active_tab_background_color=&#8220;#0C71C3&#8243; active_tab_text_color=&#8220;#FFFFFF&#8220; _builder_version=&#8220;4.25.0&#8243; _module_preset=&#8220;default&#8220; border_radii=&#8220;on|10px|10px|10px|10px&#8220; box_shadow_style=&#8220;preset1&#8243; global_colors_info=&#8220;{}&#8220;][et_pb_tab title=&#8220;Screenshot 1&#8243; _builder_version=&#8220;4.25.0&#8243; _module_preset=&#8220;default&#8220; global_colors_info=&#8220;{}&#8220;]<\/p>\n<p style=\"text-align: center;\"><img loading=\"lazy\" decoding=\"async\" src=\"https:\/\/shenprofessional.com\/wp-content\/uploads\/2024\/04\/DE-Shen-AtlasundTCMTheorie.png\" width=\"1950\" height=\"1130\" alt=\"\" class=\"wp-image-104 alignnone size-full\" srcset=\"https:\/\/shenprofessional.com\/wp-content\/uploads\/2024\/04\/DE-Shen-AtlasundTCMTheorie.png 1950w, https:\/\/shenprofessional.com\/wp-content\/uploads\/2024\/04\/DE-Shen-AtlasundTCMTheorie-1280x742.png 1280w, https:\/\/shenprofessional.com\/wp-content\/uploads\/2024\/04\/DE-Shen-AtlasundTCMTheorie-980x568.png 980w, https:\/\/shenprofessional.com\/wp-content\/uploads\/2024\/04\/DE-Shen-AtlasundTCMTheorie-480x278.png 480w\" sizes=\"(min-width: 0px) and (max-width: 480px) 480px, (min-width: 481px) and (max-width: 980px) 980px, (min-width: 981px) and (max-width: 1280px) 1280px, (min-width: 1281px) 1950px, 100vw\" \/><strong style=\"box-sizing: border-box; margin: 0px; padding: 0px; border: 0px; outline: 0px; font-size: 14px; text-size-adjust: 100%; vertical-align: baseline; background: #ffffff; font-weight: bold; color: #666666; font-family: 'Open Sans', Arial, sans-serif; font-style: normal; font-variant-ligatures: normal; font-variant-caps: normal; letter-spacing: normal; orphans: 2; text-align: center; text-indent: 0px; text-transform: none; widows: 2; word-spacing: 0px; -webkit-text-stroke-width: 0px; white-space: normal; text-decoration-thickness: initial; text-decoration-style: initial; text-decoration-color: initial;\">ShenProfessional: Akupunkturatlas und Grundlagen der TCM<\/strong><\/p>\n<p>[\/et_pb_tab][et_pb_tab title=&#8220;Screenshot 2&#8243; _builder_version=&#8220;4.25.0&#8243; _module_preset=&#8220;default&#8220; global_colors_info=&#8220;{}&#8220;]<\/p>\n<p><img loading=\"lazy\" decoding=\"async\" src=\"https:\/\/shenprofessional.com\/wp-content\/uploads\/2024\/04\/DE-Shen-SymptomeundGyn.png\" width=\"1950\" height=\"1130\" alt=\"\" class=\"wp-image-106 alignnone size-full\" srcset=\"https:\/\/shenprofessional.com\/wp-content\/uploads\/2024\/04\/DE-Shen-SymptomeundGyn.png 1950w, https:\/\/shenprofessional.com\/wp-content\/uploads\/2024\/04\/DE-Shen-SymptomeundGyn-1280x742.png 1280w, https:\/\/shenprofessional.com\/wp-content\/uploads\/2024\/04\/DE-Shen-SymptomeundGyn-980x568.png 980w, https:\/\/shenprofessional.com\/wp-content\/uploads\/2024\/04\/DE-Shen-SymptomeundGyn-480x278.png 480w\" sizes=\"(min-width: 0px) and (max-width: 480px) 480px, (min-width: 481px) and (max-width: 980px) 980px, (min-width: 981px) and (max-width: 1280px) 1280px, (min-width: 1281px) 1950px, 100vw\" \/><\/p>\n<p style=\"text-align: center;\">ShenProfessional: Symptom-Katalog mit TCM-Diagnostik (inklusive Wurzel und Zweig) und Fu Ke \u2013 chin. Gyn\u00e4kologie<\/p>\n<p>[\/et_pb_tab][et_pb_tab title=&#8220;Screenshot 3&#8243; _builder_version=&#8220;4.25.0&#8243; _module_preset=&#8220;default&#8220; global_colors_info=&#8220;{}&#8220;]<\/p>\n<p style=\"text-align: center;\"><img loading=\"lazy\" decoding=\"async\" src=\"https:\/\/shenprofessional.com\/wp-content\/uploads\/2024\/04\/DE-Shen-TerminkalenderundPatienten.png\" width=\"1950\" height=\"1130\" alt=\"\" class=\"wp-image-125 alignnone size-full\" srcset=\"https:\/\/shenprofessional.com\/wp-content\/uploads\/2024\/04\/DE-Shen-TerminkalenderundPatienten.png 1950w, https:\/\/shenprofessional.com\/wp-content\/uploads\/2024\/04\/DE-Shen-TerminkalenderundPatienten-1280x742.png 1280w, https:\/\/shenprofessional.com\/wp-content\/uploads\/2024\/04\/DE-Shen-TerminkalenderundPatienten-980x568.png 980w, https:\/\/shenprofessional.com\/wp-content\/uploads\/2024\/04\/DE-Shen-TerminkalenderundPatienten-480x278.png 480w\" sizes=\"(min-width: 0px) and (max-width: 480px) 480px, (min-width: 481px) and (max-width: 980px) 980px, (min-width: 981px) and (max-width: 1280px) 1280px, (min-width: 1281px) 1950px, 100vw\" \/><br \/>ShenProfessional: Terminkalender, Patientenakte und Rechnungswesen<\/p>\n<p>[\/et_pb_tab][\/et_pb_tabs][\/et_pb_column][\/et_pb_row][et_pb_row _builder_version=&#8220;4.25.0&#8243; _module_preset=&#8220;default&#8220; global_colors_info=&#8220;{}&#8220;][et_pb_column type=&#8220;4_4&#8243; _builder_version=&#8220;4.25.0&#8243; _module_preset=&#8220;default&#8220; global_colors_info=&#8220;{}&#8220;][et_pb_button button_url=&#8220;@ET-DC@eyJkeW5hbWljIjp0cnVlLCJjb250ZW50IjoicG9zdF9saW5rX3VybF9wYWdlIiwic2V0dGluZ3MiOnsicG9zdF9pZCI6IjgzOCJ9fQ==@&#8220; button_text=&#8220;Kostenlos Testen&#8220; button_alignment=&#8220;center&#8220; _builder_version=&#8220;4.27.4&#8243; _dynamic_attributes=&#8220;button_url&#8220; _module_preset=&#8220;default&#8220; hover_enabled=&#8220;0&#8243; global_colors_info=&#8220;{}&#8220; sticky_enabled=&#8220;0&#8243;][\/et_pb_button][dgbc_blog_carousel orderby=&#8220;3&#8243; show_author=&#8220;off&#8220; show_date=&#8220;off&#8220; show_more=&#8220;on&#8220; read_more_text=&#8220;Mehr&#8230;&#8220; transition_duration=&#8220;2000&#8243; loop=&#8220;on&#8220; autoplay=&#8220;on&#8220; hoverpause=&#8220;on&#8220; equal_height=&#8220;on&#8220; image_size=&#8220;default_image&#8220; use_meta_icon=&#8220;on&#8220; content_margin=&#8220;|||6px|false|false&#8220; _builder_version=&#8220;4.25.0&#8243; _module_preset=&#8220;default&#8220; header_text_color=&#8220;#0C71C3&#8243; header_font_size=&#8220;16px&#8220; meta_text_color=&#8220;#8c8c8c&#8220; read_more_text_color=&#8220;#0C71C3&#8243; global_colors_info=&#8220;{}&#8220;][\/dgbc_blog_carousel][\/et_pb_column][\/et_pb_row][\/et_pb_section]<\/p>\n","protected":false},"excerpt":{"rendered":"<p>Willkommen bei ShenProfessional ShenProfessional ist die leistungsstarke und benutzerfreundliche Windows-Software f\u00fcr Akupunktur, TCM und Praxismanagement. ShenProfessional beinhaltet einen digitalen Akupunkturatlas, \u00fcber 4000 Symptome und westliche Krankheitsbilder mit zugeh\u00f6riger TCM-Diagnostik und verst\u00e4ndliche Abhandlungen \u00fcber die Grundlagen der TCM, Qi Jing Ba Mai, Fu Ke und Zungendiagnostik.ShenProfessional: Akupunkturatlas und Grundlagen der TCM ShenProfessional: Symptom-Katalog mit TCM-Diagnostik (inklusive [&hellip;]<\/p>\n","protected":false},"author":2,"featured_media":0,"parent":0,"menu_order":0,"comment_status":"closed","ping_status":"closed","template":"","meta":{"_et_pb_use_builder":"on","_et_pb_old_content":"","_et_gb_content_width":"","footnotes":""},"class_list":["post-11","page","type-page","status-publish","hentry"],"_links":{"self":[{"href":"https:\/\/shenprofessional.com\/de\/wp-json\/wp\/v2\/pages\/11","targetHints":{"allow":["GET"]}}],"collection":[{"href":"https:\/\/shenprofessional.com\/de\/wp-json\/wp\/v2\/pages"}],"about":[{"href":"https:\/\/shenprofessional.com\/de\/wp-json\/wp\/v2\/types\/page"}],"author":[{"embeddable":true,"href":"https:\/\/shenprofessional.com\/de\/wp-json\/wp\/v2\/users\/2"}],"replies":[{"embeddable":true,"href":"https:\/\/shenprofessional.com\/de\/wp-json\/wp\/v2\/comments?post=11"}],"version-history":[{"count":24,"href":"https:\/\/shenprofessional.com\/de\/wp-json\/wp\/v2\/pages\/11\/revisions"}],"predecessor-version":[{"id":974,"href":"https:\/\/shenprofessional.com\/de\/wp-json\/wp\/v2\/pages\/11\/revisions\/974"}],"wp:attachment":[{"href":"https:\/\/shenprofessional.com\/de\/wp-json\/wp\/v2\/media?parent=11"}],"curies":[{"name":"wp","href":"https:\/\/api.w.org\/{rel}","templated":true}]}}